{"id":2129,"date":"2022-10-18T15:35:20","date_gmt":"2022-10-18T13:35:20","guid":{"rendered":"https:\/\/www.drrainerlehner.at\/?page_id=2129"},"modified":"2025-04-24T10:13:37","modified_gmt":"2025-04-24T08:13:37","slug":"verhuetungsmethoden","status":"publish","type":"page","link":"https:\/\/www.drrainerlehner.at\/en\/verhuetungsmethoden\/","title":{"rendered":"Contraceptive methods"},"content":{"rendered":"<div data-elementor-type=\"wp-page\" data-elementor-id=\"2129\" class=\"elementor elementor-2129\" data-elementor-post-type=\"page\">\n\t\t\t\t\t\t<section class=\"elementor-section elementor-top-section elementor-element elementor-element-2c2a8d46 elementor-section-height-min-height elementor-section-full_width elementor-section-items-stretch elementor-section-content-middle elementor-reverse-tablet elementor-reverse-mobile elementor-section-height-default\" data-id=\"2c2a8d46\" data-element_type=\"section\" data-e-type=\"section\">\n\t\t\t\t\t\t<div class=\"elementor-container elementor-column-gap-extended\">\n\t\t\t\t\t<div class=\"elementor-column elementor-col-50 elementor-top-column elementor-element elementor-element-78825bbf elementor-invisible\" data-id=\"78825bbf\" data-element_type=\"column\" data-e-type=\"column\" data-settings=\"{&quot;animation&quot;:&quot;slideInDown&quot;}\">\n\t\t\t<div class=\"elementor-widget-wrap elementor-element-populated\">\n\t\t\t\t\t\t<div class=\"elementor-element elementor-element-62bb917 e-transform elementor-invisible elementor-widget elementor-widget-image\" data-id=\"62bb917\" data-element_type=\"widget\" data-e-type=\"widget\" data-settings=\"{&quot;_animation&quot;:&quot;fadeInDown&quot;,&quot;_animation_tablet&quot;:&quot;fadeInLeft&quot;,&quot;_transform_flipX_effect&quot;:&quot;transform&quot;}\" data-widget_type=\"image.default\">\n\t\t\t\t\t\t\t\t\t\t\t\t\t\t\t<img fetchpriority=\"high\" decoding=\"async\" width=\"1600\" height=\"1067\" src=\"https:\/\/www.drrainerlehner.at\/wp-content\/uploads\/2022\/12\/iStock-1163403134-sex-partner.jpg\" class=\"attachment-full size-full wp-image-2765\" alt=\"Verh\u00fctung Partner Sex\" srcset=\"https:\/\/www.drrainerlehner.at\/wp-content\/uploads\/2022\/12\/iStock-1163403134-sex-partner.jpg 1600w, https:\/\/www.drrainerlehner.at\/wp-content\/uploads\/2022\/12\/iStock-1163403134-sex-partner-300x200.jpg 300w, https:\/\/www.drrainerlehner.at\/wp-content\/uploads\/2022\/12\/iStock-1163403134-sex-partner-1024x683.jpg 1024w, https:\/\/www.drrainerlehner.at\/wp-content\/uploads\/2022\/12\/iStock-1163403134-sex-partner-768x512.jpg 768w, https:\/\/www.drrainerlehner.at\/wp-content\/uploads\/2022\/12\/iStock-1163403134-sex-partner-1536x1024.jpg 1536w\" sizes=\"(max-width: 1600px) 100vw, 1600px\" \/>\t\t\t\t\t\t\t\t\t\t\t\t\t\t\t<\/div>\n\t\t\t\t\t<\/div>\n\t\t<\/div>\n\t\t\t\t<div class=\"elementor-column elementor-col-50 elementor-top-column elementor-element elementor-element-4e98ea5c\" data-id=\"4e98ea5c\" data-element_type=\"column\" data-e-type=\"column\">\n\t\t\t<div class=\"elementor-widget-wrap elementor-element-populated\">\n\t\t\t\t\t\t<div class=\"elementor-element elementor-element-5bfa262 elementor-widget elementor-widget-heading\" data-id=\"5bfa262\" data-element_type=\"widget\" data-e-type=\"widget\" data-widget_type=\"heading.default\">\n\t\t\t\t\t<h3 class=\"elementor-heading-title elementor-size-default\">Individual<\/h3>\t\t\t\t<\/div>\n\t\t\t\t<div class=\"elementor-element elementor-element-59b12f2 elementor-widget elementor-widget-heading\" data-id=\"59b12f2\" data-element_type=\"widget\" data-e-type=\"widget\" data-widget_type=\"heading.default\">\n\t\t\t\t\t<h1 class=\"elementor-heading-title elementor-size-default\"><span style=\"font-weight:300\">CONTRACEPTIVE<\/span>\u00a0METHODS<\/h1>\t\t\t\t<\/div>\n\t\t\t\t<div class=\"elementor-element elementor-element-472ad81 elementor-widget__width-initial elementor-widget-tablet__width-inherit elementor-invisible elementor-widget elementor-widget-text-editor\" data-id=\"472ad81\" data-element_type=\"widget\" data-e-type=\"widget\" data-settings=\"{&quot;_animation&quot;:&quot;fadeIn&quot;,&quot;_animation_delay&quot;:400}\" data-widget_type=\"text-editor.default\">\n\t\t\t\t\t\t\t\t\t<p>Choosing your method of contraception highly depends on your personal life circumstances and an individual evaluation of pros and cons.<\/p>\t\t\t\t\t\t\t\t<\/div>\n\t\t\t\t<div class=\"elementor-element elementor-element-3a58633 elementor-widget elementor-widget-heading\" data-id=\"3a58633\" data-element_type=\"widget\" data-e-type=\"widget\" data-widget_type=\"heading.default\">\n\t\t\t\t\t<h3 class=\"elementor-heading-title elementor-size-default\">Overview of various contraceptive methods<\/h3>\t\t\t\t<\/div>\n\t\t\t\t<div class=\"elementor-element elementor-element-5c24bc7 elementor-widget__width-initial elementor-widget-tablet__width-inherit elementor-invisible elementor-widget elementor-widget-text-editor\" data-id=\"5c24bc7\" data-element_type=\"widget\" data-e-type=\"widget\" data-settings=\"{&quot;_animation&quot;:&quot;fadeIn&quot;,&quot;_animation_delay&quot;:400}\" data-widget_type=\"text-editor.default\">\n\t\t\t\t\t\t\t\t\t<p>Numerous methods are available to prevent pregnancy - including natural methods, hormonal contraceptives, barrier methods such as condoms and permanent solutions such as sterilization.\u00a0<\/p><p>As these options sometimes differ significantly in terms of safety, handling and possible side effects, thorough research and individual medical advice are particularly important before choosing the right method.<\/p>\t\t\t\t\t\t\t\t<\/div>\n\t\t\t\t\t<\/div>\n\t\t<\/div>\n\t\t\t\t\t<\/div>\n\t\t<\/section>\n\t\t\t\t<section class=\"elementor-section elementor-top-section elementor-element elementor-element-4ffd631 elementor-section-boxed elementor-section-height-default elementor-section-height-default\" data-id=\"4ffd631\" data-element_type=\"section\" data-e-type=\"section\" data-settings=\"{&quot;background_background&quot;:&quot;classic&quot;}\">\n\t\t\t\t\t\t<div class=\"elementor-container elementor-column-gap-wider\">\n\t\t\t\t\t<div class=\"elementor-column elementor-col-100 elementor-top-column elementor-element elementor-element-630a832\" data-id=\"630a832\" data-element_type=\"column\" data-e-type=\"column\">\n\t\t\t<div class=\"elementor-widget-wrap elementor-element-populated\">\n\t\t\t\t\t\t<div class=\"elementor-element elementor-element-82f94d5 elementor-view-default elementor-invisible elementor-widget elementor-widget-icon\" data-id=\"82f94d5\" data-element_type=\"widget\" data-e-type=\"widget\" data-settings=\"{&quot;_animation&quot;:&quot;fadeInDown&quot;}\" data-widget_type=\"icon.default\">\n\t\t\t\t\t\t\t<div class=\"elementor-icon-wrapper\">\n\t\t\t<div class=\"elementor-icon\">\n\t\t\t<svg aria-hidden=\"true\" class=\"e-font-icon-svg e-fas-chevron-down\" viewbox=\"0 0 448 512\" xmlns=\"http:\/\/www.w3.org\/2000\/svg\"><path d=\"M207.029 381.476L12.686 187.132c-9.373-9.373-9.373-24.569 0-33.941l22.667-22.667c9.357-9.357 24.522-9.375 33.901-.04L224 284.505l154.745-154.021c9.379-9.335 24.544-9.317 33.901.04l22.667 22.667c9.373 9.373 9.373 24.569 0 33.941L240.971 381.476c-9.373 9.372-24.569 9.372-33.942 0z\"><\/path><\/svg>\t\t\t<\/div>\n\t\t<\/div>\n\t\t\t\t\t\t<\/div>\n\t\t\t\t\t<\/div>\n\t\t<\/div>\n\t\t\t\t\t<\/div>\n\t\t<\/section>\n\t\t\t\t<section class=\"elementor-section elementor-top-section elementor-element elementor-element-ff74e3e elementor-section-boxed elementor-section-height-default elementor-section-height-default\" data-id=\"ff74e3e\" data-element_type=\"section\" data-e-type=\"section\" id=\"next\" data-settings=\"{&quot;background_background&quot;:&quot;classic&quot;}\">\n\t\t\t\t\t\t<div class=\"elementor-container elementor-column-gap-extended\">\n\t\t\t\t\t<div class=\"elementor-column elementor-col-50 elementor-top-column elementor-element elementor-element-f63058a\" data-id=\"f63058a\" data-element_type=\"column\" data-e-type=\"column\">\n\t\t\t<div class=\"elementor-widget-wrap elementor-element-populated\">\n\t\t\t\t\t\t<div class=\"elementor-element elementor-element-e5f9bf1 elementor-widget__width-initial elementor-widget elementor-widget-heading\" data-id=\"e5f9bf1\" data-element_type=\"widget\" data-e-type=\"widget\" data-widget_type=\"heading.default\">\n\t\t\t\t\t<h3 class=\"elementor-heading-title elementor-size-default\">IUD: variants, application and important information<\/h3>\t\t\t\t<\/div>\n\t\t\t\t<div class=\"elementor-element elementor-element-308f042 elementor-widget elementor-widget-text-editor\" data-id=\"308f042\" data-element_type=\"widget\" data-e-type=\"widget\" data-widget_type=\"text-editor.default\">\n\t\t\t\t\t\t\t\t\t<p class=\"\" data-start=\"377\" data-end=\"797\">Here you will find comprehensive information on the use of an intrauterine device - also known as an \u201cIUD\u201d.<\/p><p class=\"\" data-start=\"377\" data-end=\"797\">The term originates from the first models, which were spiral-shaped. Today's IUDs, however, usually have a T or other compact shape. There are basically two main types: hormone-containing IUDs (hormone IUDs) and copper-containing IUDs (copper IUDs).<\/p>\t\t\t\t\t\t\t\t<\/div>\n\t\t\t\t<div class=\"elementor-element elementor-element-bbe64be elementor-widget elementor-widget-heading\" data-id=\"bbe64be\" data-element_type=\"widget\" data-e-type=\"widget\" data-widget_type=\"heading.default\">\n\t\t\t\t\t<h3 class=\"elementor-heading-title elementor-size-default\">Intrauterine Device (IUD)<\/h3>\t\t\t\t<\/div>\n\t\t\t\t<div class=\"elementor-element elementor-element-f43f790 elementor-widget elementor-widget-text-editor\" data-id=\"f43f790\" data-element_type=\"widget\" data-e-type=\"widget\" data-widget_type=\"text-editor.default\">\n\t\t\t\t\t\t\t\t\t<p>Intrauterine device (IUD) is a small, flexible plastic frame, surrounded from a small hormone cylinder by which a small amount of a progestin is constantly released into the uterus. This leads to a thickening of the mucus in the cervix, which hinders the sperm to rise. The growth of the mucous membrane of the uterus is suppressed, which reduces or completely stops bleeding.<\/p>\t\t\t\t\t\t\t\t<\/div>\n\t\t\t\t<div class=\"elementor-element elementor-element-025dd82 elementor-widget elementor-widget-heading\" data-id=\"025dd82\" data-element_type=\"widget\" data-e-type=\"widget\" data-widget_type=\"heading.default\">\n\t\t\t\t\t<h3 class=\"elementor-heading-title elementor-size-default\">Copper coil<\/h3>\t\t\t\t<\/div>\n\t\t\t\t<div class=\"elementor-element elementor-element-6108392 elementor-widget elementor-widget-text-editor\" data-id=\"6108392\" data-element_type=\"widget\" data-e-type=\"widget\" data-widget_type=\"text-editor.default\">\n\t\t\t\t\t\t\t\t\t<p>The copper coil (or IUD) is made of plastic and copper. It's put into the womb during menstruation and lasts 3 to 5 years. The copper stops the sperm and egg from surviving inside the womb and fallopian tubes, so sperm cannot fertilise an egg.<\/p>\t\t\t\t\t\t\t\t<\/div>\n\t\t\t\t<div class=\"elementor-element elementor-element-d4e4248 elementor-widget elementor-widget-text-editor\" data-id=\"d4e4248\" data-element_type=\"widget\" data-e-type=\"widget\" data-widget_type=\"text-editor.default\">\n\t\t\t\t\t\t\t\t\t<p class=\"\" data-start=\"799\" data-end=\"1096\">Die Spirale z\u00e4hlt zu den langfristigen, zuverl\u00e4ssigen Verh\u00fctungsmethoden, sch\u00fctzt jedoch nicht vor sexuell \u00fcbertragbaren Krankheiten wie HIV\/AIDS oder Hepatitis B.<\/p><p class=\"\" data-start=\"799\" data-end=\"1096\">Bei wechselnden Sexualpartnern wird deshalb empfohlen, zus\u00e4tzlich ein Kondom zu verwenden, um Infektionen vorzubeugen.<\/p>\t\t\t\t\t\t\t\t<\/div>\n\t\t\t\t<div class=\"elementor-element elementor-element-6fe4be2 elementor-widget elementor-widget-heading\" data-id=\"6fe4be2\" data-element_type=\"widget\" data-e-type=\"widget\" data-widget_type=\"heading.default\">\n\t\t\t\t\t<h3 class=\"elementor-heading-title elementor-size-default\">Copper IUD or hormonal IUD: Which contraceptive method is right for you?<\/h3>\t\t\t\t<\/div>\n\t\t\t\t<div class=\"elementor-element elementor-element-e0e8989 elementor-widget elementor-widget-text-editor\" data-id=\"e0e8989\" data-element_type=\"widget\" data-e-type=\"widget\" data-widget_type=\"text-editor.default\">\n\t\t\t\t\t\t\t\t\t<p class=\"\" data-start=\"147\" data-end=\"480\">Many women switch from the pill to the IUD to avoid side effects such as loss of libido or depression. If you suffer from these symptoms, the copper IUD is a good option as it is hormone-free. Hormone IUDs can cause similar side effects to the pill, although they work locally.<\/p><p class=\"\" data-start=\"482\" data-end=\"646\">However, the hormonal coil can be helpful for heavy periods or painful periods, as it reduces bleeding and relieves pain.<\/p>\t\t\t\t\t\t\t\t<\/div>\n\t\t\t\t\t<\/div>\n\t\t<\/div>\n\t\t\t\t<div class=\"elementor-column elementor-col-50 elementor-top-column elementor-element elementor-element-6dc6b5c\" data-id=\"6dc6b5c\" data-element_type=\"column\" data-e-type=\"column\">\n\t\t\t<div class=\"elementor-widget-wrap elementor-element-populated\">\n\t\t\t\t\t\t<div class=\"elementor-element elementor-element-8f6dabf e-transform elementor-widget elementor-widget-image\" data-id=\"8f6dabf\" data-element_type=\"widget\" data-e-type=\"widget\" data-settings=\"{&quot;_transform_flipX_effect&quot;:&quot;transform&quot;}\" data-widget_type=\"image.default\">\n\t\t\t\t\t\t\t\t\t\t\t\t\t\t\t<img decoding=\"async\" width=\"724\" height=\"483\" src=\"https:\/\/www.drrainerlehner.at\/wp-content\/uploads\/2025\/03\/iStock-1432834964-1.jpg\" class=\"attachment-full size-full wp-image-5379\" alt=\"\" srcset=\"https:\/\/www.drrainerlehner.at\/wp-content\/uploads\/2025\/03\/iStock-1432834964-1.jpg 724w, https:\/\/www.drrainerlehner.at\/wp-content\/uploads\/2025\/03\/iStock-1432834964-1-300x200.jpg 300w, https:\/\/www.drrainerlehner.at\/wp-content\/uploads\/2025\/03\/iStock-1432834964-1-18x12.jpg 18w\" sizes=\"(max-width: 724px) 100vw, 724px\" \/>\t\t\t\t\t\t\t\t\t\t\t\t\t\t\t<\/div>\n\t\t\t\t<div class=\"elementor-element elementor-element-541dd96 elementor-align-left elementor-widget__width-initial elementor-widget elementor-widget-button\" data-id=\"541dd96\" data-element_type=\"widget\" data-e-type=\"widget\" data-widget_type=\"button.default\">\n\t\t\t\t\t\t\t\t\t\t<a class=\"elementor-button elementor-button-link elementor-size-xl elementor-animation-float\" href=\"https:\/\/www.drrainerlehner.at\/en\/termin-vereinbaren\/\">\n\t\t\t\t\t\t<span class=\"elementor-button-content-wrapper\">\n\t\t\t\t\t\t<span class=\"elementor-button-icon\">\n\t\t\t\t<svg aria-hidden=\"true\" class=\"e-font-icon-svg e-fas-long-arrow-alt-right\" viewbox=\"0 0 448 512\" xmlns=\"http:\/\/www.w3.org\/2000\/svg\"><path d=\"M313.941 216H12c-6.627 0-12 5.373-12 12v56c0 6.627 5.373 12 12 12h301.941v46.059c0 21.382 25.851 32.09 40.971 16.971l86.059-86.059c9.373-9.373 9.373-24.569 0-33.941l-86.059-86.059c-15.119-15.119-40.971-4.411-40.971 16.971V216z\"><\/path><\/svg>\t\t\t<\/span>\n\t\t\t\t\t\t\t\t\t<span class=\"elementor-button-text\">MAKE AN APPOINTMENT<\/span>\n\t\t\t\t\t<\/span>\n\t\t\t\t\t<\/a>\n\t\t\t\t\t\t\t\t<\/div>\n\t\t\t\t<div class=\"elementor-element elementor-element-9a1d31c elementor-widget elementor-widget-text-editor\" data-id=\"9a1d31c\" data-element_type=\"widget\" data-e-type=\"widget\" data-widget_type=\"text-editor.default\">\n\t\t\t\t\t\t\t\t\t<p class=\"\" data-start=\"799\" data-end=\"1096\">Here you find <a href=\"https:\/\/www.drrainerlehner.at\/wp-content\/uploads\/2025\/04\/IUD_disclosure_consent_EN.pdf\">disclosure and consent form<\/a> with all the details.<\/p>\t\t\t\t\t\t\t\t<\/div>\n\t\t\t\t<div class=\"elementor-element elementor-element-b6e33e9 elementor-widget__width-initial elementor-widget elementor-widget-heading\" data-id=\"b6e33e9\" data-element_type=\"widget\" data-e-type=\"widget\" data-widget_type=\"heading.default\">\n\t\t\t\t\t<h3 class=\"elementor-heading-title elementor-size-default\">Please download the form before your appointment and read it carefully.<\/h3>\t\t\t\t<\/div>\n\t\t\t\t<div class=\"elementor-element elementor-element-c5419b3 elementor-widget elementor-widget-text-editor\" data-id=\"c5419b3\" data-element_type=\"widget\" data-e-type=\"widget\" data-widget_type=\"text-editor.default\">\n\t\t\t\t\t\t\t\t\t<p>You can also find it at <a href=\"https:\/\/www.drrainerlehner.at\/en\/downloads\/\">DOWNLOADS<\/a> .<\/p>\t\t\t\t\t\t\t\t<\/div>\n\t\t\t\t\t<\/div>\n\t\t<\/div>\n\t\t\t\t\t<\/div>\n\t\t<\/section>\n\t\t\t\t<section class=\"elementor-section elementor-top-section elementor-element elementor-element-09ae9ce elementor-section-boxed elementor-section-height-default elementor-section-height-default\" data-id=\"09ae9ce\" data-element_type=\"section\" data-e-type=\"section\" data-settings=\"{&quot;background_background&quot;:&quot;classic&quot;}\">\n\t\t\t\t\t\t<div class=\"elementor-container elementor-column-gap-extended\">\n\t\t\t\t\t<div class=\"elementor-column elementor-col-50 elementor-top-column elementor-element elementor-element-5cb90b0\" data-id=\"5cb90b0\" data-element_type=\"column\" data-e-type=\"column\">\n\t\t\t<div class=\"elementor-widget-wrap elementor-element-populated\">\n\t\t\t\t\t\t<div class=\"elementor-element elementor-element-96b1138 elementor-widget elementor-widget-heading\" data-id=\"96b1138\" data-element_type=\"widget\" data-e-type=\"widget\" data-widget_type=\"heading.default\">\n\t\t\t\t\t<h2 class=\"elementor-heading-title elementor-size-default\">The pill<\/h2>\t\t\t\t<\/div>\n\t\t\t\t<div class=\"elementor-element elementor-element-639fbf5 elementor-widget elementor-widget-text-editor\" data-id=\"639fbf5\" data-element_type=\"widget\" data-e-type=\"widget\" data-widget_type=\"text-editor.default\">\n\t\t\t\t\t\t\t\t\t<p>The birth control pill works by stopping sperm from joining with an egg. The hormones in the pill stop ovulation. No ovulation means there\u2019s no egg hanging around for sperm to fertilize, so pregnancy can\u2019t happen.<\/p>\t\t\t\t\t\t\t\t<\/div>\n\t\t\t\t<div class=\"elementor-element elementor-element-e3964aa e-transform elementor-widget elementor-widget-image\" data-id=\"e3964aa\" data-element_type=\"widget\" data-e-type=\"widget\" data-settings=\"{&quot;_transform_flipX_effect&quot;:&quot;transform&quot;}\" data-widget_type=\"image.default\">\n\t\t\t\t\t\t\t\t\t\t\t\t\t\t\t<img decoding=\"async\" width=\"1600\" height=\"1067\" src=\"https:\/\/www.drrainerlehner.at\/wp-content\/uploads\/2022\/12\/iStock-1395794772-menstrual-cycle.jpg\" class=\"attachment-full size-full wp-image-2766\" alt=\"Verh\u00fctung App - weiblicher Zyklus\" srcset=\"https:\/\/www.drrainerlehner.at\/wp-content\/uploads\/2022\/12\/iStock-1395794772-menstrual-cycle.jpg 1600w, https:\/\/www.drrainerlehner.at\/wp-content\/uploads\/2022\/12\/iStock-1395794772-menstrual-cycle-300x200.jpg 300w, https:\/\/www.drrainerlehner.at\/wp-content\/uploads\/2022\/12\/iStock-1395794772-menstrual-cycle-1024x683.jpg 1024w, https:\/\/www.drrainerlehner.at\/wp-content\/uploads\/2022\/12\/iStock-1395794772-menstrual-cycle-768x512.jpg 768w, https:\/\/www.drrainerlehner.at\/wp-content\/uploads\/2022\/12\/iStock-1395794772-menstrual-cycle-1536x1024.jpg 1536w\" sizes=\"(max-width: 1600px) 100vw, 1600px\" \/>\t\t\t\t\t\t\t\t\t\t\t\t\t\t\t<\/div>\n\t\t\t\t<div class=\"elementor-element elementor-element-69feefd elementor-align-left elementor-widget__width-initial elementor-widget elementor-widget-button\" data-id=\"69feefd\" data-element_type=\"widget\" data-e-type=\"widget\" data-widget_type=\"button.default\">\n\t\t\t\t\t\t\t\t\t\t<a class=\"elementor-button elementor-button-link elementor-size-xl elementor-animation-float\" href=\"https:\/\/www.drrainerlehner.at\/en\/termin-vereinbaren\/\">\n\t\t\t\t\t\t<span class=\"elementor-button-content-wrapper\">\n\t\t\t\t\t\t<span class=\"elementor-button-icon\">\n\t\t\t\t<svg aria-hidden=\"true\" class=\"e-font-icon-svg e-fas-long-arrow-alt-right\" viewbox=\"0 0 448 512\" xmlns=\"http:\/\/www.w3.org\/2000\/svg\"><path d=\"M313.941 216H12c-6.627 0-12 5.373-12 12v56c0 6.627 5.373 12 12 12h301.941v46.059c0 21.382 25.851 32.09 40.971 16.971l86.059-86.059c9.373-9.373 9.373-24.569 0-33.941l-86.059-86.059c-15.119-15.119-40.971-4.411-40.971 16.971V216z\"><\/path><\/svg>\t\t\t<\/span>\n\t\t\t\t\t\t\t\t\t<span class=\"elementor-button-text\">MAKE AN APPOINTMENT<\/span>\n\t\t\t\t\t<\/span>\n\t\t\t\t\t<\/a>\n\t\t\t\t\t\t\t\t<\/div>\n\t\t\t\t<div class=\"elementor-element elementor-element-52c01b4 elementor-widget elementor-widget-heading\" data-id=\"52c01b4\" data-element_type=\"widget\" data-e-type=\"widget\" data-widget_type=\"heading.default\">\n\t\t\t\t\t<h2 class=\"elementor-heading-title elementor-size-default\">Contraceptive implant<\/h2>\t\t\t\t<\/div>\n\t\t\t\t<div class=\"elementor-element elementor-element-d16fd9c elementor-widget elementor-widget-text-editor\" data-id=\"d16fd9c\" data-element_type=\"widget\" data-e-type=\"widget\" data-widget_type=\"text-editor.default\">\n\t\t\t\t\t\t\t\t\t<p>A contraceptive implant is a 4cm long and 2mm thin soft plastic rod. Contraceptive implants are inhibits ovulation for three years.<\/p>\t\t\t\t\t\t\t\t<\/div>\n\t\t\t\t\t<\/div>\n\t\t<\/div>\n\t\t\t\t<div class=\"elementor-column elementor-col-50 elementor-top-column elementor-element elementor-element-6633f25\" data-id=\"6633f25\" data-element_type=\"column\" data-e-type=\"column\">\n\t\t\t<div class=\"elementor-widget-wrap elementor-element-populated\">\n\t\t\t\t\t\t<div class=\"elementor-element elementor-element-bfad02b elementor-widget elementor-widget-heading\" data-id=\"bfad02b\" data-element_type=\"widget\" data-e-type=\"widget\" data-widget_type=\"heading.default\">\n\t\t\t\t\t<h2 class=\"elementor-heading-title elementor-size-default\">Contraceptive patch<\/h2>\t\t\t\t<\/div>\n\t\t\t\t<div class=\"elementor-element elementor-element-a05de80 elementor-widget elementor-widget-text-editor\" data-id=\"a05de80\" data-element_type=\"widget\" data-e-type=\"widget\" data-widget_type=\"text-editor.default\">\n\t\t\t\t\t\t\t\t\t<p>The birth control patch is a thin, beige or transparent patch. The combination of the hormones progesterone and estrogen in the patch prevents ovulation and therefore a pregnancy. The Patch sticks on the first day of menstruation to the skin and will changed once a week for 3 weeks ..... then one week off.<\/p>\t\t\t\t\t\t\t\t<\/div>\n\t\t\t\t<div class=\"elementor-element elementor-element-14bf8b2 elementor-widget elementor-widget-heading\" data-id=\"14bf8b2\" data-element_type=\"widget\" data-e-type=\"widget\" data-widget_type=\"heading.default\">\n\t\t\t\t\t<h2 class=\"elementor-heading-title elementor-size-default\">Contraceptive vaginal ring<\/h2>\t\t\t\t<\/div>\n\t\t\t\t<div class=\"elementor-element elementor-element-8a936c9 elementor-widget elementor-widget-text-editor\" data-id=\"8a936c9\" data-element_type=\"widget\" data-e-type=\"widget\" data-widget_type=\"text-editor.default\">\n\t\t\t\t\t\t\t\t\t<p>The contraceptive vaginal ring is a small, flexible, plastic ring with 54mm outside diameter and 4mm thickness, that is inserted in the vagina. The ring contains the same hormones (progestin and estrogen) found in most birth control pills and inhibits ovulation.<\/p>\t\t\t\t\t\t\t\t<\/div>\n\t\t\t\t<div class=\"elementor-element elementor-element-fa4b0ce elementor-widget elementor-widget-heading\" data-id=\"fa4b0ce\" data-element_type=\"widget\" data-e-type=\"widget\" data-widget_type=\"heading.default\">\n\t\t\t\t\t<h2 class=\"elementor-heading-title elementor-size-default\">3-month injection<\/h2>\t\t\t\t<\/div>\n\t\t\t\t<div class=\"elementor-element elementor-element-1ce6851 elementor-widget elementor-widget-text-editor\" data-id=\"1ce6851\" data-element_type=\"widget\" data-e-type=\"widget\" data-widget_type=\"text-editor.default\">\n\t\t\t\t\t\t\t\t\t<p>The depot injection is a long-term contraceptive. It contains the hormone progestin in high doses and inhibits ovulation over a period of about 12 weeks. Depending on the preparation, the three-month injection is administered into the muscles or under the skin.<\/p>\t\t\t\t\t\t\t\t<\/div>\n\t\t\t\t\t<\/div>\n\t\t<\/div>\n\t\t\t\t\t<\/div>\n\t\t<\/section>\n\t\t\t\t<\/div>","protected":false},"excerpt":{"rendered":"<p>Individuelle VERH\u00dcTUNGSMETHODEN Bei der Wahl des Verh\u00fctungsmittels spielen Ihre pers\u00f6nlichen Lebensumst\u00e4nde und Ihr individuelles Abw\u00e4gen von Vor- und Nachteilen eine wichtige Rolle. Vielf\u00e4ltige Verh\u00fctungsmethoden im \u00dcberblick Zur Verh\u00fctung einer Schwangerschaft stehen zahlreiche Methoden zur Verf\u00fcgung \u2013 darunter nat\u00fcrliche Verfahren, hormonelle Verh\u00fctungsmittel, Barrieremethoden wie Kondome sowie dauerhafte L\u00f6sungen wie die Sterilisation.\u00a0 Da sich diese Optionen hinsichtlich [&hellip;]<\/p>\n","protected":false},"author":1,"featured_media":2765,"parent":0,"menu_order":0,"comment_status":"closed","ping_status":"closed","template":"elementor_header_footer","meta":{"_acf_changed":false,"footnotes":""},"class_list":["post-2129","page","type-page","status-publish","has-post-thumbnail","hentry"],"acf":[],"_links":{"self":[{"href":"https:\/\/www.drrainerlehner.at\/en\/wp-json\/wp\/v2\/pages\/2129","targetHints":{"allow":["GET"]}}],"collection":[{"href":"https:\/\/www.drrainerlehner.at\/en\/wp-json\/wp\/v2\/pages"}],"about":[{"href":"https:\/\/www.drrainerlehner.at\/en\/wp-json\/wp\/v2\/types\/page"}],"author":[{"embeddable":true,"href":"https:\/\/www.drrainerlehner.at\/en\/wp-json\/wp\/v2\/users\/1"}],"replies":[{"embeddable":true,"href":"https:\/\/www.drrainerlehner.at\/en\/wp-json\/wp\/v2\/comments?post=2129"}],"version-history":[{"count":76,"href":"https:\/\/www.drrainerlehner.at\/en\/wp-json\/wp\/v2\/pages\/2129\/revisions"}],"predecessor-version":[{"id":5559,"href":"https:\/\/www.drrainerlehner.at\/en\/wp-json\/wp\/v2\/pages\/2129\/revisions\/5559"}],"wp:featuredmedia":[{"embeddable":true,"href":"https:\/\/www.drrainerlehner.at\/en\/wp-json\/wp\/v2\/media\/2765"}],"wp:attachment":[{"href":"https:\/\/www.drrainerlehner.at\/en\/wp-json\/wp\/v2\/media?parent=2129"}],"curies":[{"name":"wp","href":"https:\/\/api.w.org\/{rel}","templated":true}]}}