{"id":2173,"date":"2022-10-18T16:39:33","date_gmt":"2022-10-18T14:39:33","guid":{"rendered":"https:\/\/www.drrainerlehner.at\/?page_id=2173"},"modified":"2025-04-14T11:49:39","modified_gmt":"2025-04-14T09:49:39","slug":"vorsorgeuntersuchung","status":"publish","type":"page","link":"https:\/\/www.drrainerlehner.at\/en\/vorsorgeuntersuchung\/","title":{"rendered":"Screenings"},"content":{"rendered":"<div data-elementor-type=\"wp-page\" data-elementor-id=\"2173\" class=\"elementor elementor-2173\" data-elementor-post-type=\"page\">\n\t\t\t\t\t\t<section class=\"elementor-section elementor-top-section elementor-element elementor-element-2c2a8d46 elementor-section-height-min-height elementor-section-full_width elementor-section-items-stretch elementor-section-content-middle elementor-reverse-tablet elementor-reverse-mobile elementor-section-height-default\" data-id=\"2c2a8d46\" data-element_type=\"section\" data-e-type=\"section\">\n\t\t\t\t\t\t<div class=\"elementor-container elementor-column-gap-extended\">\n\t\t\t\t\t<div class=\"elementor-column elementor-col-50 elementor-top-column elementor-element elementor-element-78825bbf elementor-invisible\" data-id=\"78825bbf\" data-element_type=\"column\" data-e-type=\"column\" data-settings=\"{&quot;animation&quot;:&quot;slideInDown&quot;}\">\n\t\t\t<div class=\"elementor-widget-wrap elementor-element-populated\">\n\t\t\t\t\t\t<div class=\"elementor-element elementor-element-62bb917 e-transform elementor-invisible elementor-widget elementor-widget-image\" data-id=\"62bb917\" data-element_type=\"widget\" data-e-type=\"widget\" data-settings=\"{&quot;_animation&quot;:&quot;fadeInDown&quot;,&quot;_animation_tablet&quot;:&quot;fadeInLeft&quot;,&quot;_transform_flipX_effect&quot;:&quot;transform&quot;}\" data-widget_type=\"image.default\">\n\t\t\t\t\t\t\t\t\t\t\t\t\t\t\t<img fetchpriority=\"high\" decoding=\"async\" width=\"1600\" height=\"1067\" src=\"https:\/\/www.drrainerlehner.at\/wp-content\/uploads\/2022\/12\/iStock-1349701182-check-your-breasts.jpg\" class=\"attachment-full size-full wp-image-2778\" alt=\"Vorsorgeuntersuchung\" srcset=\"https:\/\/www.drrainerlehner.at\/wp-content\/uploads\/2022\/12\/iStock-1349701182-check-your-breasts.jpg 1600w, https:\/\/www.drrainerlehner.at\/wp-content\/uploads\/2022\/12\/iStock-1349701182-check-your-breasts-300x200.jpg 300w, https:\/\/www.drrainerlehner.at\/wp-content\/uploads\/2022\/12\/iStock-1349701182-check-your-breasts-1024x683.jpg 1024w, https:\/\/www.drrainerlehner.at\/wp-content\/uploads\/2022\/12\/iStock-1349701182-check-your-breasts-768x512.jpg 768w, https:\/\/www.drrainerlehner.at\/wp-content\/uploads\/2022\/12\/iStock-1349701182-check-your-breasts-1536x1024.jpg 1536w\" sizes=\"(max-width: 1600px) 100vw, 1600px\" \/>\t\t\t\t\t\t\t\t\t\t\t\t\t\t\t<\/div>\n\t\t\t\t\t<\/div>\n\t\t<\/div>\n\t\t\t\t<div class=\"elementor-column elementor-col-50 elementor-top-column elementor-element elementor-element-4e98ea5c\" data-id=\"4e98ea5c\" data-element_type=\"column\" data-e-type=\"column\">\n\t\t\t<div class=\"elementor-widget-wrap elementor-element-populated\">\n\t\t\t\t\t\t<div class=\"elementor-element elementor-element-5bfa262 elementor-widget elementor-widget-heading\" data-id=\"5bfa262\" data-element_type=\"widget\" data-e-type=\"widget\" data-widget_type=\"heading.default\">\n\t\t\t\t\t<h2 class=\"elementor-heading-title elementor-size-default\">Regular<\/h2>\t\t\t\t<\/div>\n\t\t\t\t<div class=\"elementor-element elementor-element-59b12f2 elementor-widget elementor-widget-heading\" data-id=\"59b12f2\" data-element_type=\"widget\" data-e-type=\"widget\" data-widget_type=\"heading.default\">\n\t\t\t\t\t<h1 class=\"elementor-heading-title elementor-size-default\">PRE<span style=\"font-weight:300\">CARE<\/span><\/h1>\t\t\t\t<\/div>\n\t\t\t\t<div class=\"elementor-element elementor-element-472ad81 elementor-widget__width-initial elementor-widget-tablet__width-inherit elementor-invisible elementor-widget elementor-widget-text-editor\" data-id=\"472ad81\" data-element_type=\"widget\" data-e-type=\"widget\" data-settings=\"{&quot;_animation&quot;:&quot;fadeIn&quot;,&quot;_animation_delay&quot;:400}\" data-widget_type=\"text-editor.default\">\n\t\t\t\t\t\t\t\t\t<h6>PREVENTIVE MEDICAL CHECK-UP<\/h6>\t\t\t\t\t\t\t\t<\/div>\n\t\t\t\t<div class=\"elementor-element elementor-element-15f4071 elementor-widget__width-initial elementor-widget-tablet__width-inherit elementor-invisible elementor-widget elementor-widget-text-editor\" data-id=\"15f4071\" data-element_type=\"widget\" data-e-type=\"widget\" data-settings=\"{&quot;_animation&quot;:&quot;fadeIn&quot;,&quot;_animation_delay&quot;:400}\" data-widget_type=\"text-editor.default\">\n\t\t\t\t\t\t\t\t\t<p>The gynaecological screening is an important examination which should be carried out at least once a year, even in women who do not suffer from any symptoms-thereby, possible diseases can be diagnosed and treated at an early stage.<\/p><p>For women over 65, international guidelines (e.g. FIN, EN, AUS) recommend an examination every two to three years.<\/p>\t\t\t\t\t\t\t\t<\/div>\n\t\t\t\t\t<\/div>\n\t\t<\/div>\n\t\t\t\t\t<\/div>\n\t\t<\/section>\n\t\t\t\t<section class=\"elementor-section elementor-top-section elementor-element elementor-element-6bc3ec8 elementor-section-boxed elementor-section-height-default elementor-section-height-default\" data-id=\"6bc3ec8\" data-element_type=\"section\" data-e-type=\"section\" data-settings=\"{&quot;background_background&quot;:&quot;classic&quot;}\">\n\t\t\t\t\t\t<div class=\"elementor-container elementor-column-gap-wider\">\n\t\t\t\t\t<div class=\"elementor-column elementor-col-100 elementor-top-column elementor-element elementor-element-909c960\" data-id=\"909c960\" data-element_type=\"column\" data-e-type=\"column\">\n\t\t\t<div class=\"elementor-widget-wrap elementor-element-populated\">\n\t\t\t\t\t\t<div class=\"elementor-element elementor-element-4bb5896 elementor-view-default elementor-invisible elementor-widget elementor-widget-icon\" data-id=\"4bb5896\" data-element_type=\"widget\" data-e-type=\"widget\" data-settings=\"{&quot;_animation&quot;:&quot;fadeInDown&quot;}\" data-widget_type=\"icon.default\">\n\t\t\t\t\t\t\t<div class=\"elementor-icon-wrapper\">\n\t\t\t<div class=\"elementor-icon\">\n\t\t\t<svg aria-hidden=\"true\" class=\"e-font-icon-svg e-fas-chevron-down\" viewbox=\"0 0 448 512\" xmlns=\"http:\/\/www.w3.org\/2000\/svg\"><path d=\"M207.029 381.476L12.686 187.132c-9.373-9.373-9.373-24.569 0-33.941l22.667-22.667c9.357-9.357 24.522-9.375 33.901-.04L224 284.505l154.745-154.021c9.379-9.335 24.544-9.317 33.901.04l22.667 22.667c9.373 9.373 9.373 24.569 0 33.941L240.971 381.476c-9.373 9.372-24.569 9.372-33.942 0z\"><\/path><\/svg>\t\t\t<\/div>\n\t\t<\/div>\n\t\t\t\t\t\t<\/div>\n\t\t\t\t\t<\/div>\n\t\t<\/div>\n\t\t\t\t\t<\/div>\n\t\t<\/section>\n\t\t\t\t<section class=\"elementor-section elementor-top-section elementor-element elementor-element-ff74e3e elementor-section-boxed elementor-section-height-default elementor-section-height-default\" data-id=\"ff74e3e\" data-element_type=\"section\" data-e-type=\"section\" id=\"next\" data-settings=\"{&quot;background_background&quot;:&quot;classic&quot;}\">\n\t\t\t\t\t\t<div class=\"elementor-container elementor-column-gap-extended\">\n\t\t\t\t\t<div class=\"elementor-column elementor-col-50 elementor-top-column elementor-element elementor-element-a1d457b\" data-id=\"a1d457b\" data-element_type=\"column\" data-e-type=\"column\">\n\t\t\t<div class=\"elementor-widget-wrap elementor-element-populated\">\n\t\t\t\t\t\t<div class=\"elementor-element elementor-element-be814c4 elementor-widget elementor-widget-heading\" data-id=\"be814c4\" data-element_type=\"widget\" data-e-type=\"widget\" data-widget_type=\"heading.default\">\n\t\t\t\t\t<h3 class=\"elementor-heading-title elementor-size-default\">Prevention against cancer<\/h3>\t\t\t\t<\/div>\n\t\t\t\t<div class=\"elementor-element elementor-element-c32c87b elementor-widget elementor-widget-text-editor\" data-id=\"c32c87b\" data-element_type=\"widget\" data-e-type=\"widget\" data-widget_type=\"text-editor.default\">\n\t\t\t\t\t\t\t\t\t<p><span style=\"color: var( --e-global-color-text ); font-family: var( --e-global-typography-text-font-family ), Sans-serif; font-size: var( --e-global-typography-text-font-size ); font-weight: var( --e-global-typography-text-font-weight );\">Especially regarding the early diagnosis of breast cancer and cervical cancer, regular gynaecological examinations are of great importance.<\/span><\/p><p>The earlier breast and cervical cancer as well as their preliminary stages are detected, the better the individual treatment possibilities and the higher the chances of complete healing.<span style=\"color: var( --e-global-color-text ); font-family: var( --e-global-typography-text-font-family ), Sans-serif; font-size: var( --e-global-typography-text-font-size ); font-weight: var( --e-global-typography-text-font-weight );\"><br \/><\/span><\/p>\t\t\t\t\t\t\t\t<\/div>\n\t\t\t\t<div class=\"elementor-element elementor-element-c05e047 elementor-widget elementor-widget-button\" data-id=\"c05e047\" data-element_type=\"widget\" data-e-type=\"widget\" data-widget_type=\"button.default\">\n\t\t\t\t\t\t\t\t\t\t<a class=\"elementor-button elementor-button-link elementor-size-xl elementor-animation-float\" href=\"https:\/\/www.drrainerlehner.at\/en\/termin-vereinbaren\/\">\n\t\t\t\t\t\t<span class=\"elementor-button-content-wrapper\">\n\t\t\t\t\t\t<span class=\"elementor-button-icon\">\n\t\t\t\t<svg aria-hidden=\"true\" class=\"e-font-icon-svg e-fas-long-arrow-alt-right\" viewbox=\"0 0 448 512\" xmlns=\"http:\/\/www.w3.org\/2000\/svg\"><path d=\"M313.941 216H12c-6.627 0-12 5.373-12 12v56c0 6.627 5.373 12 12 12h301.941v46.059c0 21.382 25.851 32.09 40.971 16.971l86.059-86.059c9.373-9.373 9.373-24.569 0-33.941l-86.059-86.059c-15.119-15.119-40.971-4.411-40.971 16.971V216z\"><\/path><\/svg>\t\t\t<\/span>\n\t\t\t\t\t\t\t\t\t<span class=\"elementor-button-text\">Make an appointment<\/span>\n\t\t\t\t\t<\/span>\n\t\t\t\t\t<\/a>\n\t\t\t\t\t\t\t\t<\/div>\n\t\t\t\t<div class=\"elementor-element elementor-element-f189f33 elementor-widget elementor-widget-text-editor\" data-id=\"f189f33\" data-element_type=\"widget\" data-e-type=\"widget\" data-widget_type=\"text-editor.default\">\n\t\t\t\t\t\t\t\t\t<p>We provide useful information on cancer prevention at our brand new <a href=\"https:\/\/www.drrainerlehner.at\/en\/downloads\/\">download area<\/a> as well as <a href=\"https:\/\/www.drrainerlehner.at\/wp-content\/uploads\/2025\/04\/Brustselbstuntersuchung-A5s.pdf\">Instructions for breast self-examination<\/a> .<\/p><p>This allows you to prepare for your appointment with us at your leisure and clarify any questions in advance or ask any questions that may arise at your personal appointment.<\/p>\t\t\t\t\t\t\t\t<\/div>\n\t\t\t\t\t<\/div>\n\t\t<\/div>\n\t\t\t\t<div class=\"elementor-column elementor-col-50 elementor-top-column elementor-element elementor-element-b54da7a\" data-id=\"b54da7a\" data-element_type=\"column\" data-e-type=\"column\">\n\t\t\t<div class=\"elementor-widget-wrap elementor-element-populated\">\n\t\t\t\t\t\t<div class=\"elementor-element elementor-element-2a10e56 elementor-widget elementor-widget-image\" data-id=\"2a10e56\" data-element_type=\"widget\" data-e-type=\"widget\" data-widget_type=\"image.default\">\n\t\t\t\t\t\t\t\t\t\t\t\t\t\t\t<img decoding=\"async\" src=\"https:\/\/www.drrainerlehner.at\/wp-content\/uploads\/2024\/02\/iStock-1170403890.jpg\" title=\"\" alt=\"\" loading=\"lazy\" \/>\t\t\t\t\t\t\t\t\t\t\t\t\t\t\t<\/div>\n\t\t\t\t\t<\/div>\n\t\t<\/div>\n\t\t\t\t\t<\/div>\n\t\t<\/section>\n\t\t\t\t<section class=\"elementor-section elementor-top-section elementor-element elementor-element-97d7c66 elementor-reverse-mobile elementor-section-boxed elementor-section-height-default elementor-section-height-default\" data-id=\"97d7c66\" data-element_type=\"section\" data-e-type=\"section\">\n\t\t\t\t\t\t<div class=\"elementor-container elementor-column-gap-extended\">\n\t\t\t\t\t<div class=\"elementor-column elementor-col-50 elementor-top-column elementor-element elementor-element-889e4ae\" data-id=\"889e4ae\" data-element_type=\"column\" data-e-type=\"column\">\n\t\t\t<div class=\"elementor-widget-wrap elementor-element-populated\">\n\t\t\t\t\t\t<div class=\"elementor-element elementor-element-95a56a3 elementor-widget elementor-widget-image\" data-id=\"95a56a3\" data-element_type=\"widget\" data-e-type=\"widget\" data-widget_type=\"image.default\">\n\t\t\t\t\t\t\t\t\t\t\t\t\t\t\t<img decoding=\"async\" src=\"https:\/\/www.drrainerlehner.at\/wp-content\/uploads\/2024\/04\/iStock-1472356968.jpg\" title=\"\" alt=\"Wasserflasche, Handtuch, Pilates-Matte, Sonnenlicht\" loading=\"lazy\" \/>\t\t\t\t\t\t\t\t\t\t\t\t\t\t\t<\/div>\n\t\t\t\t\t<\/div>\n\t\t<\/div>\n\t\t\t\t<div class=\"elementor-column elementor-col-50 elementor-top-column elementor-element elementor-element-2e4d6de\" data-id=\"2e4d6de\" data-element_type=\"column\" data-e-type=\"column\">\n\t\t\t<div class=\"elementor-widget-wrap elementor-element-populated\">\n\t\t\t\t\t\t<div class=\"elementor-element elementor-element-e5ee7d9 elementor-widget elementor-widget-heading\" data-id=\"e5ee7d9\" data-element_type=\"widget\" data-e-type=\"widget\" data-widget_type=\"heading.default\">\n\t\t\t\t\t<h3 class=\"elementor-heading-title elementor-size-default\">Precautions for a strong pelvic floor<\/h3>\t\t\t\t<\/div>\n\t\t\t\t<div class=\"elementor-element elementor-element-e682772 elementor-widget elementor-widget-text-editor\" data-id=\"e682772\" data-element_type=\"widget\" data-e-type=\"widget\" data-widget_type=\"text-editor.default\">\n\t\t\t\t\t\t\t\t\t<p>A strong pelvic floor protects you from incontinence (bladder weakness) in old age and helps with regeneration after childbirth. Pilates is suitable for building a \u2018strong centre\u2019. As a free service for our patients, we have compiled a list of\u00a0<\/p><p style=\"text-align: left;\"><a href=\"https:\/\/www.drrainerlehner.at\/wp-content\/uploads\/2024\/04\/Pilates-in-Wien-nach-Bezirken_06.pdf\" target=\"_blank\" rel=\"noopener\">pilates studios in Vienna .<\/a><\/p><p>The list is organised by district (note: not exhaustive).<\/p>\t\t\t\t\t\t\t\t<\/div>\n\t\t\t\t\t<\/div>\n\t\t<\/div>\n\t\t\t\t\t<\/div>\n\t\t<\/section>\n\t\t\t\t<\/div>","protected":false},"excerpt":{"rendered":"<p>Regelm\u00e4\u00dfige VORSORGE VORSORGEUNTERSUCHUNG Die gyn\u00e4kologische Vorsorgeuntersuchung ist eine wichtige Ma\u00dfnahme, die auch bei v\u00f6llig beschwerdefreien Frauen mindestens einmal j\u00e4hrlich durchgef\u00fchrt werden sollte, um etwaige Ver\u00e4nderungen und Erkrankungen fr\u00fchzeitig erkennen und behandeln zu k\u00f6nnen. Bei Frauen \u00fcber 65 Jahren ist laut internationalen Vorgaben (u.a. FIN, EN, AUS) eine Untersuchung alle zwei bis drei Jahre empfohlen. Vorsorge [&hellip;]<\/p>\n","protected":false},"author":1,"featured_media":2778,"parent":0,"menu_order":0,"comment_status":"closed","ping_status":"closed","template":"elementor_header_footer","meta":{"_acf_changed":false,"footnotes":""},"class_list":["post-2173","page","type-page","status-publish","has-post-thumbnail","hentry"],"acf":[],"_links":{"self":[{"href":"https:\/\/www.drrainerlehner.at\/en\/wp-json\/wp\/v2\/pages\/2173","targetHints":{"allow":["GET"]}}],"collection":[{"href":"https:\/\/www.drrainerlehner.at\/en\/wp-json\/wp\/v2\/pages"}],"about":[{"href":"https:\/\/www.drrainerlehner.at\/en\/wp-json\/wp\/v2\/types\/page"}],"author":[{"embeddable":true,"href":"https:\/\/www.drrainerlehner.at\/en\/wp-json\/wp\/v2\/users\/1"}],"replies":[{"embeddable":true,"href":"https:\/\/www.drrainerlehner.at\/en\/wp-json\/wp\/v2\/comments?post=2173"}],"version-history":[{"count":93,"href":"https:\/\/www.drrainerlehner.at\/en\/wp-json\/wp\/v2\/pages\/2173\/revisions"}],"predecessor-version":[{"id":5613,"href":"https:\/\/www.drrainerlehner.at\/en\/wp-json\/wp\/v2\/pages\/2173\/revisions\/5613"}],"wp:featuredmedia":[{"embeddable":true,"href":"https:\/\/www.drrainerlehner.at\/en\/wp-json\/wp\/v2\/media\/2778"}],"wp:attachment":[{"href":"https:\/\/www.drrainerlehner.at\/en\/wp-json\/wp\/v2\/media?parent=2173"}],"curies":[{"name":"wp","href":"https:\/\/api.w.org\/{rel}","templated":true}]}}