{"id":2193,"date":"2022-10-18T16:56:31","date_gmt":"2022-10-18T14:56:31","guid":{"rendered":"https:\/\/www.drrainerlehner.at\/?page_id=2193"},"modified":"2025-04-24T10:19:23","modified_gmt":"2025-04-24T08:19:23","slug":"vorsorge-brustkrebs","status":"publish","type":"page","link":"https:\/\/www.drrainerlehner.at\/en\/vorsorge-brustkrebs\/","title":{"rendered":"Breast cancer screening"},"content":{"rendered":"<div data-elementor-type=\"wp-page\" data-elementor-id=\"2193\" class=\"elementor elementor-2193\" data-elementor-post-type=\"page\">\n\t\t\t\t\t\t<section class=\"elementor-section elementor-top-section elementor-element elementor-element-2c2a8d46 elementor-section-height-min-height elementor-section-full_width elementor-section-items-stretch elementor-section-content-middle elementor-reverse-tablet elementor-reverse-mobile elementor-section-height-default\" data-id=\"2c2a8d46\" data-element_type=\"section\" data-e-type=\"section\">\n\t\t\t\t\t\t<div class=\"elementor-container elementor-column-gap-extended\">\n\t\t\t\t\t<div class=\"elementor-column elementor-col-50 elementor-top-column elementor-element elementor-element-78825bbf elementor-invisible\" data-id=\"78825bbf\" data-element_type=\"column\" data-e-type=\"column\" data-settings=\"{&quot;animation&quot;:&quot;slideInDown&quot;}\">\n\t\t\t<div class=\"elementor-widget-wrap elementor-element-populated\">\n\t\t\t\t\t\t<div class=\"elementor-element elementor-element-62bb917 elementor-invisible elementor-widget elementor-widget-image\" data-id=\"62bb917\" data-element_type=\"widget\" data-e-type=\"widget\" data-settings=\"{&quot;_animation&quot;:&quot;fadeInDown&quot;,&quot;_animation_tablet&quot;:&quot;fadeInLeft&quot;}\" data-widget_type=\"image.default\">\n\t\t\t\t\t\t\t\t\t\t\t\t\t\t\t<img fetchpriority=\"high\" decoding=\"async\" width=\"1600\" height=\"1068\" src=\"https:\/\/www.drrainerlehner.at\/wp-content\/uploads\/2022\/12\/iStock-1207100435-pink-ribbon.jpg\" class=\"attachment-full size-full wp-image-2770\" alt=\"Pink Ribbon - Brustkrebs Vorsorge\" srcset=\"https:\/\/www.drrainerlehner.at\/wp-content\/uploads\/2022\/12\/iStock-1207100435-pink-ribbon.jpg 1600w, https:\/\/www.drrainerlehner.at\/wp-content\/uploads\/2022\/12\/iStock-1207100435-pink-ribbon-300x200.jpg 300w, https:\/\/www.drrainerlehner.at\/wp-content\/uploads\/2022\/12\/iStock-1207100435-pink-ribbon-1024x684.jpg 1024w, https:\/\/www.drrainerlehner.at\/wp-content\/uploads\/2022\/12\/iStock-1207100435-pink-ribbon-768x513.jpg 768w, https:\/\/www.drrainerlehner.at\/wp-content\/uploads\/2022\/12\/iStock-1207100435-pink-ribbon-1536x1025.jpg 1536w\" sizes=\"(max-width: 1600px) 100vw, 1600px\" \/>\t\t\t\t\t\t\t\t\t\t\t\t\t\t\t<\/div>\n\t\t\t\t\t<\/div>\n\t\t<\/div>\n\t\t\t\t<div class=\"elementor-column elementor-col-50 elementor-top-column elementor-element elementor-element-4e98ea5c\" data-id=\"4e98ea5c\" data-element_type=\"column\" data-e-type=\"column\">\n\t\t\t<div class=\"elementor-widget-wrap elementor-element-populated\">\n\t\t\t\t\t\t<div class=\"elementor-element elementor-element-5bfa262 elementor-widget elementor-widget-heading\" data-id=\"5bfa262\" data-element_type=\"widget\" data-e-type=\"widget\" data-widget_type=\"heading.default\">\n\t\t\t\t\t<h2 class=\"elementor-heading-title elementor-size-default\">Precare<\/h2>\t\t\t\t<\/div>\n\t\t\t\t<div class=\"elementor-element elementor-element-59b12f2 elementor-widget elementor-widget-heading\" data-id=\"59b12f2\" data-element_type=\"widget\" data-e-type=\"widget\" data-widget_type=\"heading.default\">\n\t\t\t\t\t<h1 class=\"elementor-heading-title elementor-size-default\">BREAST<span style=\"font-weight:300\">&nbsp;CANCER<\/span><\/h1>\t\t\t\t<\/div>\n\t\t\t\t<div class=\"elementor-element elementor-element-472ad81 elementor-widget__width-initial elementor-widget-tablet__width-inherit elementor-invisible elementor-widget elementor-widget-text-editor\" data-id=\"472ad81\" data-element_type=\"widget\" data-e-type=\"widget\" data-settings=\"{&quot;_animation&quot;:&quot;fadeIn&quot;,&quot;_animation_delay&quot;:400}\" data-widget_type=\"text-editor.default\">\n\t\t\t\t\t\t\t\t\t<p>Breast cancer screenings consist of two important measures: The palpation in the practise, as well as the instruction for self-examination.<\/p>\t\t\t\t\t\t\t\t<\/div>\n\t\t\t\t\t<\/div>\n\t\t<\/div>\n\t\t\t\t\t<\/div>\n\t\t<\/section>\n\t\t\t\t<section class=\"elementor-section elementor-top-section elementor-element elementor-element-d9fd3b7 elementor-section-boxed elementor-section-height-default elementor-section-height-default\" data-id=\"d9fd3b7\" data-element_type=\"section\" data-e-type=\"section\" data-settings=\"{&quot;background_background&quot;:&quot;classic&quot;}\">\n\t\t\t\t\t\t<div class=\"elementor-container elementor-column-gap-wider\">\n\t\t\t\t\t<div class=\"elementor-column elementor-col-100 elementor-top-column elementor-element elementor-element-b2c3b76\" data-id=\"b2c3b76\" data-element_type=\"column\" data-e-type=\"column\">\n\t\t\t<div class=\"elementor-widget-wrap elementor-element-populated\">\n\t\t\t\t\t\t<div class=\"elementor-element elementor-element-28c4668 elementor-view-default elementor-invisible elementor-widget elementor-widget-icon\" data-id=\"28c4668\" data-element_type=\"widget\" data-e-type=\"widget\" data-settings=\"{&quot;_animation&quot;:&quot;fadeInDown&quot;}\" data-widget_type=\"icon.default\">\n\t\t\t\t\t\t\t<div class=\"elementor-icon-wrapper\">\n\t\t\t<div class=\"elementor-icon\">\n\t\t\t<svg aria-hidden=\"true\" class=\"e-font-icon-svg e-fas-chevron-down\" viewbox=\"0 0 448 512\" xmlns=\"http:\/\/www.w3.org\/2000\/svg\"><path d=\"M207.029 381.476L12.686 187.132c-9.373-9.373-9.373-24.569 0-33.941l22.667-22.667c9.357-9.357 24.522-9.375 33.901-.04L224 284.505l154.745-154.021c9.379-9.335 24.544-9.317 33.901.04l22.667 22.667c9.373 9.373 9.373 24.569 0 33.941L240.971 381.476c-9.373 9.372-24.569 9.372-33.942 0z\"><\/path><\/svg>\t\t\t<\/div>\n\t\t<\/div>\n\t\t\t\t\t\t<\/div>\n\t\t\t\t\t<\/div>\n\t\t<\/div>\n\t\t\t\t\t<\/div>\n\t\t<\/section>\n\t\t\t\t<section class=\"elementor-section elementor-top-section elementor-element elementor-element-ff74e3e elementor-section-boxed elementor-section-height-default elementor-section-height-default\" data-id=\"ff74e3e\" data-element_type=\"section\" data-e-type=\"section\" id=\"next\" data-settings=\"{&quot;background_background&quot;:&quot;classic&quot;}\">\n\t\t\t\t\t\t<div class=\"elementor-container elementor-column-gap-extended\">\n\t\t\t\t\t<div class=\"elementor-column elementor-col-50 elementor-top-column elementor-element elementor-element-a1d457b\" data-id=\"a1d457b\" data-element_type=\"column\" data-e-type=\"column\">\n\t\t\t<div class=\"elementor-widget-wrap elementor-element-populated\">\n\t\t\t\t\t\t<div class=\"elementor-element elementor-element-107d55c elementor-widget elementor-widget-heading\" data-id=\"107d55c\" data-element_type=\"widget\" data-e-type=\"widget\" data-widget_type=\"heading.default\">\n\t\t\t\t\t<h3 class=\"elementor-heading-title elementor-size-default\">Tastuntersuchung Brustkrebs<\/h3>\t\t\t\t<\/div>\n\t\t\t\t<div class=\"elementor-element elementor-element-d6af0d2 elementor-widget elementor-widget-text-editor\" data-id=\"d6af0d2\" data-element_type=\"widget\" data-e-type=\"widget\" data-widget_type=\"text-editor.default\">\n\t\t\t\t\t\t\t\t\t<p>Both the breast tissue as well as the arm pits and collar bone are palpated in order to detect knots, indurations and other abnormalities.<\/p><p>Furthermore, I will explain when and how you should check your breasts at home yourself.<\/p><p>As the risk of cancer generally increases with age, the mammography in women aged 40 and older is of great importance.<\/p><p>The mammography allows the detection of smaller knots, which might be overlooked in a palpation and ultrasound examination.<\/p>\t\t\t\t\t\t\t\t<\/div>\n\t\t\t\t\t<\/div>\n\t\t<\/div>\n\t\t\t\t<div class=\"elementor-column elementor-col-50 elementor-top-column elementor-element elementor-element-b54da7a\" data-id=\"b54da7a\" data-element_type=\"column\" data-e-type=\"column\">\n\t\t\t<div class=\"elementor-widget-wrap elementor-element-populated\">\n\t\t\t\t\t\t<div class=\"elementor-element elementor-element-0499686 elementor-widget elementor-widget-text-editor\" data-id=\"0499686\" data-element_type=\"widget\" data-e-type=\"widget\" data-widget_type=\"text-editor.default\">\n\t\t\t\t\t\t\t\t\t<p>Sometimes it is not possible to determine the type of modification only with imaging techniques.<\/p><p>In these cases, a biopsy is carried out, where a tissue sample is histologically examined.<\/p><p>Depending on the results, subsequent procedures can become necessary, which are then initiated by me-after a comprehensive consultation and information.<\/p>\t\t\t\t\t\t\t\t<\/div>\n\t\t\t\t<div class=\"elementor-element elementor-element-c05e047 elementor-widget elementor-widget-button\" data-id=\"c05e047\" data-element_type=\"widget\" data-e-type=\"widget\" data-widget_type=\"button.default\">\n\t\t\t\t\t\t\t\t\t\t<a class=\"elementor-button elementor-button-link elementor-size-xl elementor-animation-float\" href=\"https:\/\/www.drrainerlehner.at\/en\/termin-vereinbaren\/\">\n\t\t\t\t\t\t<span class=\"elementor-button-content-wrapper\">\n\t\t\t\t\t\t<span class=\"elementor-button-icon\">\n\t\t\t\t<svg aria-hidden=\"true\" class=\"e-font-icon-svg e-fas-long-arrow-alt-right\" viewbox=\"0 0 448 512\" xmlns=\"http:\/\/www.w3.org\/2000\/svg\"><path d=\"M313.941 216H12c-6.627 0-12 5.373-12 12v56c0 6.627 5.373 12 12 12h301.941v46.059c0 21.382 25.851 32.09 40.971 16.971l86.059-86.059c9.373-9.373 9.373-24.569 0-33.941l-86.059-86.059c-15.119-15.119-40.971-4.411-40.971 16.971V216z\"><\/path><\/svg>\t\t\t<\/span>\n\t\t\t\t\t\t\t\t\t<span class=\"elementor-button-text\">Make an appointment<\/span>\n\t\t\t\t\t<\/span>\n\t\t\t\t\t<\/a>\n\t\t\t\t\t\t\t\t<\/div>\n\t\t\t\t\t<\/div>\n\t\t<\/div>\n\t\t\t\t\t<\/div>\n\t\t<\/section>\n\t\t\t\t<section class=\"elementor-section elementor-top-section elementor-element elementor-element-c490be9 elementor-section-boxed elementor-section-height-default elementor-section-height-default\" data-id=\"c490be9\" data-element_type=\"section\" data-e-type=\"section\">\n\t\t\t\t\t\t<div class=\"elementor-container elementor-column-gap-default\">\n\t\t\t\t\t<div class=\"elementor-column elementor-col-50 elementor-top-column elementor-element elementor-element-fa7eaa1\" data-id=\"fa7eaa1\" data-element_type=\"column\" data-e-type=\"column\">\n\t\t\t<div class=\"elementor-widget-wrap elementor-element-populated\">\n\t\t\t\t\t\t<div class=\"elementor-element elementor-element-eafb1a5 elementor-widget elementor-widget-heading\" data-id=\"eafb1a5\" data-element_type=\"widget\" data-e-type=\"widget\" data-widget_type=\"heading.default\">\n\t\t\t\t\t<h3 class=\"elementor-heading-title elementor-size-default\">Breast cancer screening program of the Ministry of Social Affairs<\/h3>\t\t\t\t<\/div>\n\t\t\t\t<div class=\"elementor-element elementor-element-36ad9ab elementor-widget elementor-widget-text-editor\" data-id=\"36ad9ab\" data-element_type=\"widget\" data-e-type=\"widget\" data-widget_type=\"text-editor.default\">\n\t\t\t\t\t\t\t\t\t<p>For women aged between 45 and 74, the e-card is automatically activated for a screening mammogram. A referral is not necessary.<\/p><p>In addition, all women between the ages of 45 and 74 receive an invitation every two years to have another mammogram.<\/p><p>Women aged between 40 and 44 and aged 75 and over can request an invitation by calling the social insurance\u2019s telephone service line or register <a href=\"https:\/\/www.frueh-erkennen.at\/\" target=\"_blank\" rel=\"noopener\">online via their social insurance website<\/a> .<\/p>\t\t\t\t\t\t\t\t<\/div>\n\t\t\t\t\t<\/div>\n\t\t<\/div>\n\t\t\t\t<div class=\"elementor-column elementor-col-50 elementor-top-column elementor-element elementor-element-fa059c0\" data-id=\"fa059c0\" data-element_type=\"column\" data-e-type=\"column\">\n\t\t\t<div class=\"elementor-widget-wrap elementor-element-populated\">\n\t\t\t\t\t\t<div class=\"elementor-element elementor-element-98ad5d3 elementor-widget elementor-widget-image\" data-id=\"98ad5d3\" data-element_type=\"widget\" data-e-type=\"widget\" data-widget_type=\"image.default\">\n\t\t\t\t\t\t\t\t\t\t\t\t\t\t\t<img decoding=\"async\" width=\"800\" height=\"534\" src=\"https:\/\/www.drrainerlehner.at\/wp-content\/uploads\/2022\/12\/iStock-1331593498-breast-check-1024x683.jpg\" class=\"attachment-large size-large wp-image-2746\" alt=\"Vorsorge Brustkrebs\" srcset=\"https:\/\/www.drrainerlehner.at\/wp-content\/uploads\/2022\/12\/iStock-1331593498-breast-check-1024x683.jpg 1024w, https:\/\/www.drrainerlehner.at\/wp-content\/uploads\/2022\/12\/iStock-1331593498-breast-check-300x200.jpg 300w, https:\/\/www.drrainerlehner.at\/wp-content\/uploads\/2022\/12\/iStock-1331593498-breast-check-768x512.jpg 768w, https:\/\/www.drrainerlehner.at\/wp-content\/uploads\/2022\/12\/iStock-1331593498-breast-check-1536x1024.jpg 1536w, https:\/\/www.drrainerlehner.at\/wp-content\/uploads\/2022\/12\/iStock-1331593498-breast-check.jpg 1600w\" sizes=\"(max-width: 800px) 100vw, 800px\" \/>\t\t\t\t\t\t\t\t\t\t\t\t\t\t\t<\/div>\n\t\t\t\t\t<\/div>\n\t\t<\/div>\n\t\t\t\t\t<\/div>\n\t\t<\/section>\n\t\t\t\t<\/div>","protected":false},"excerpt":{"rendered":"<p>Vorsorge BRUSTKREBS Die Brustkrebsvorsorge setzt sich aus zwei wichtigen Ma\u00dfnahmen zusammen: die Tastuntersuchung in der Ordination, sowie die Anleitung zur Selbstuntersuchung. Tastuntersuchung Brustkrebs Es werden das Brustgewebe sowie der Bereich der Achselh\u00f6hlen und der Schl\u00fcsselbeine genau nach Knoten, Verh\u00e4rtungen und anderen Auff\u00e4lligkeiten abgetastet. Dar\u00fcber hinaus erkl\u00e4re ich Ihnen, wann und wie Sie Ihre Brust zu [&hellip;]<\/p>\n","protected":false},"author":1,"featured_media":2770,"parent":0,"menu_order":0,"comment_status":"closed","ping_status":"closed","template":"elementor_header_footer","meta":{"_acf_changed":false,"footnotes":""},"class_list":["post-2193","page","type-page","status-publish","has-post-thumbnail","hentry"],"acf":[],"_links":{"self":[{"href":"https:\/\/www.drrainerlehner.at\/en\/wp-json\/wp\/v2\/pages\/2193","targetHints":{"allow":["GET"]}}],"collection":[{"href":"https:\/\/www.drrainerlehner.at\/en\/wp-json\/wp\/v2\/pages"}],"about":[{"href":"https:\/\/www.drrainerlehner.at\/en\/wp-json\/wp\/v2\/types\/page"}],"author":[{"embeddable":true,"href":"https:\/\/www.drrainerlehner.at\/en\/wp-json\/wp\/v2\/users\/1"}],"replies":[{"embeddable":true,"href":"https:\/\/www.drrainerlehner.at\/en\/wp-json\/wp\/v2\/comments?post=2193"}],"version-history":[{"count":55,"href":"https:\/\/www.drrainerlehner.at\/en\/wp-json\/wp\/v2\/pages\/2193\/revisions"}],"predecessor-version":[{"id":5565,"href":"https:\/\/www.drrainerlehner.at\/en\/wp-json\/wp\/v2\/pages\/2193\/revisions\/5565"}],"wp:featuredmedia":[{"embeddable":true,"href":"https:\/\/www.drrainerlehner.at\/en\/wp-json\/wp\/v2\/media\/2770"}],"wp:attachment":[{"href":"https:\/\/www.drrainerlehner.at\/en\/wp-json\/wp\/v2\/media?parent=2193"}],"curies":[{"name":"wp","href":"https:\/\/api.w.org\/{rel}","templated":true}]}}