{"id":2204,"date":"2022-10-18T17:05:57","date_gmt":"2022-10-18T15:05:57","guid":{"rendered":"https:\/\/www.drrainerlehner.at\/?page_id=2204"},"modified":"2025-04-15T10:15:59","modified_gmt":"2025-04-15T08:15:59","slug":"hpv-impfung","status":"publish","type":"page","link":"https:\/\/www.drrainerlehner.at\/en\/hpv-impfung\/","title":{"rendered":"HPV vaccination"},"content":{"rendered":"<div data-elementor-type=\"wp-page\" data-elementor-id=\"2204\" class=\"elementor elementor-2204\" data-elementor-post-type=\"page\">\n\t\t\t\t\t\t<section class=\"elementor-section elementor-top-section elementor-element elementor-element-2c2a8d46 elementor-section-height-min-height elementor-section-full_width elementor-section-items-stretch elementor-section-content-middle elementor-reverse-tablet elementor-reverse-mobile elementor-section-height-default\" data-id=\"2c2a8d46\" data-element_type=\"section\" data-e-type=\"section\">\n\t\t\t\t\t\t<div class=\"elementor-container elementor-column-gap-extended\">\n\t\t\t\t\t<div class=\"elementor-column elementor-col-50 elementor-top-column elementor-element elementor-element-78825bbf elementor-invisible\" data-id=\"78825bbf\" data-element_type=\"column\" data-e-type=\"column\" data-settings=\"{&quot;animation&quot;:&quot;slideInDown&quot;}\">\n\t\t\t<div class=\"elementor-widget-wrap elementor-element-populated\">\n\t\t\t\t\t\t<div class=\"elementor-element elementor-element-62bb917 e-transform elementor-invisible elementor-widget elementor-widget-image\" data-id=\"62bb917\" data-element_type=\"widget\" data-e-type=\"widget\" data-settings=\"{&quot;_animation&quot;:&quot;fadeInDown&quot;,&quot;_animation_tablet&quot;:&quot;fadeInLeft&quot;,&quot;_transform_flipX_effect&quot;:&quot;transform&quot;}\" data-widget_type=\"image.default\">\n\t\t\t\t\t\t\t\t\t\t\t\t\t\t\t<img fetchpriority=\"high\" decoding=\"async\" width=\"1600\" height=\"1067\" src=\"https:\/\/www.drrainerlehner.at\/wp-content\/uploads\/2022\/12\/iStock-1065782066-hpv-impfung.jpg\" class=\"attachment-full size-full wp-image-2703\" alt=\"HPV Impfung\" srcset=\"https:\/\/www.drrainerlehner.at\/wp-content\/uploads\/2022\/12\/iStock-1065782066-hpv-impfung.jpg 1600w, https:\/\/www.drrainerlehner.at\/wp-content\/uploads\/2022\/12\/iStock-1065782066-hpv-impfung-300x200.jpg 300w, https:\/\/www.drrainerlehner.at\/wp-content\/uploads\/2022\/12\/iStock-1065782066-hpv-impfung-1024x683.jpg 1024w, https:\/\/www.drrainerlehner.at\/wp-content\/uploads\/2022\/12\/iStock-1065782066-hpv-impfung-768x512.jpg 768w, https:\/\/www.drrainerlehner.at\/wp-content\/uploads\/2022\/12\/iStock-1065782066-hpv-impfung-1536x1024.jpg 1536w\" sizes=\"(max-width: 1600px) 100vw, 1600px\" \/>\t\t\t\t\t\t\t\t\t\t\t\t\t\t\t<\/div>\n\t\t\t\t\t<\/div>\n\t\t<\/div>\n\t\t\t\t<div class=\"elementor-column elementor-col-50 elementor-top-column elementor-element elementor-element-4e98ea5c\" data-id=\"4e98ea5c\" data-element_type=\"column\" data-e-type=\"column\">\n\t\t\t<div class=\"elementor-widget-wrap elementor-element-populated\">\n\t\t\t\t\t\t<div class=\"elementor-element elementor-element-5bfa262 elementor-widget elementor-widget-heading\" data-id=\"5bfa262\" data-element_type=\"widget\" data-e-type=\"widget\" data-widget_type=\"heading.default\">\n\t\t\t\t\t<h2 class=\"elementor-heading-title elementor-size-default\">Precare<\/h2>\t\t\t\t<\/div>\n\t\t\t\t<div class=\"elementor-element elementor-element-59b12f2 elementor-widget elementor-widget-heading\" data-id=\"59b12f2\" data-element_type=\"widget\" data-e-type=\"widget\" data-widget_type=\"heading.default\">\n\t\t\t\t\t<h1 class=\"elementor-heading-title elementor-size-default\"><span style=\"font-weight:300\">HPV VACCINATION<\/span> PROTECTS<\/h1>\t\t\t\t<\/div>\n\t\t\t\t<div class=\"elementor-element elementor-element-472ad81 elementor-widget__width-initial elementor-widget-tablet__width-inherit elementor-invisible elementor-widget elementor-widget-text-editor\" data-id=\"472ad81\" data-element_type=\"widget\" data-e-type=\"widget\" data-settings=\"{&quot;_animation&quot;:&quot;fadeIn&quot;,&quot;_animation_delay&quot;:400}\" data-widget_type=\"text-editor.default\">\n\t\t\t\t\t\t\t\t\t<p>The HPV immunisation serves as a protection from a majority of HPV-related cancer forms and genital warts.<\/p><p>HPV vaccinations will continue to be free up to the age of 30 until the end of 2025. From 2026, free vaccination will only be offered up to the age of 21. You can also find detailed information at <a href=\"https:\/\/impfservice.wien\/en\/hpv-human-papillomavirus\/\" target=\"_blank\" rel=\"noopener\">Wiener Impfservice<\/a>.<\/p>\t\t\t\t\t\t\t\t<\/div>\n\t\t\t\t\t<\/div>\n\t\t<\/div>\n\t\t\t\t\t<\/div>\n\t\t<\/section>\n\t\t\t\t<section class=\"elementor-section elementor-top-section elementor-element elementor-element-9422f85 elementor-section-boxed elementor-section-height-default elementor-section-height-default\" data-id=\"9422f85\" data-element_type=\"section\" data-e-type=\"section\" data-settings=\"{&quot;background_background&quot;:&quot;classic&quot;}\">\n\t\t\t\t\t\t<div class=\"elementor-container elementor-column-gap-wider\">\n\t\t\t\t\t<div class=\"elementor-column elementor-col-100 elementor-top-column elementor-element elementor-element-b93b82a\" data-id=\"b93b82a\" data-element_type=\"column\" data-e-type=\"column\">\n\t\t\t<div class=\"elementor-widget-wrap elementor-element-populated\">\n\t\t\t\t\t\t<div class=\"elementor-element elementor-element-91130f7 elementor-view-default elementor-invisible elementor-widget elementor-widget-icon\" data-id=\"91130f7\" data-element_type=\"widget\" data-e-type=\"widget\" data-settings=\"{&quot;_animation&quot;:&quot;fadeInDown&quot;}\" data-widget_type=\"icon.default\">\n\t\t\t\t\t\t\t<div class=\"elementor-icon-wrapper\">\n\t\t\t<div class=\"elementor-icon\">\n\t\t\t<svg aria-hidden=\"true\" class=\"e-font-icon-svg e-fas-chevron-down\" viewbox=\"0 0 448 512\" xmlns=\"http:\/\/www.w3.org\/2000\/svg\"><path d=\"M207.029 381.476L12.686 187.132c-9.373-9.373-9.373-24.569 0-33.941l22.667-22.667c9.357-9.357 24.522-9.375 33.901-.04L224 284.505l154.745-154.021c9.379-9.335 24.544-9.317 33.901.04l22.667 22.667c9.373 9.373 9.373 24.569 0 33.941L240.971 381.476c-9.373 9.372-24.569 9.372-33.942 0z\"><\/path><\/svg>\t\t\t<\/div>\n\t\t<\/div>\n\t\t\t\t\t\t<\/div>\n\t\t\t\t\t<\/div>\n\t\t<\/div>\n\t\t\t\t\t<\/div>\n\t\t<\/section>\n\t\t\t\t<section class=\"elementor-section elementor-top-section elementor-element elementor-element-ff74e3e elementor-section-boxed elementor-section-height-default elementor-section-height-default\" data-id=\"ff74e3e\" data-element_type=\"section\" data-e-type=\"section\" id=\"next\" data-settings=\"{&quot;background_background&quot;:&quot;classic&quot;}\">\n\t\t\t\t\t\t<div class=\"elementor-container elementor-column-gap-extended\">\n\t\t\t\t\t<div class=\"elementor-column elementor-col-50 elementor-top-column elementor-element elementor-element-a1d457b\" data-id=\"a1d457b\" data-element_type=\"column\" data-e-type=\"column\">\n\t\t\t<div class=\"elementor-widget-wrap elementor-element-populated\">\n\t\t\t\t\t\t<div class=\"elementor-element elementor-element-9d9a553 elementor-widget elementor-widget-heading\" data-id=\"9d9a553\" data-element_type=\"widget\" data-e-type=\"widget\" data-widget_type=\"heading.default\">\n\t\t\t\t\t<h3 class=\"elementor-heading-title elementor-size-default\">WHAT IS HPV?<\/h3>\t\t\t\t<\/div>\n\t\t\t\t<div class=\"elementor-element elementor-element-174ee63 elementor-widget elementor-widget-text-editor\" data-id=\"174ee63\" data-element_type=\"widget\" data-e-type=\"widget\" data-widget_type=\"text-editor.default\">\n\t\t\t\t\t\t\t\t\t<p>Human papillomaviruses (HPV) are viruses, which can infect the cells of the skin and mucosa.<\/p><p>HPV infections are among the most common sexually but also casually transmitted viral diseases. More than 100 different HPV types are known, which are roughly divided into low-risk types and high-risk types.<\/p><p>Low-risk viruses (e.g. HPV6 and 11) are the main causes of genital warts (condyloma); however, they are not potentially life-threatening pathogens.<\/p><p>On the other hand, an infection with a high-risk virus (e.g. HPV 16 and 18) can lead to malignant changes in women and men-for example cervical cancer, anal cancer, vaginal cancer and penile cancer can be traced by to an HPV infection-but also forms of cancer in the throat and pharynx.<\/p><p>The most common type of cancer which is caused by HP viruses in women is cervical cancer-an infection with a high-risk type of HP virus can be diagnosed in the majority of the cases.<\/p>\t\t\t\t\t\t\t\t<\/div>\n\t\t\t\t<div class=\"elementor-element elementor-element-cc599a8 elementor-widget elementor-widget-heading\" data-id=\"cc599a8\" data-element_type=\"widget\" data-e-type=\"widget\" data-widget_type=\"heading.default\">\n\t\t\t\t\t<h3 class=\"elementor-heading-title elementor-size-default\">WHAT ARE THE CONSEQUENCES OF A HPV INFECTION?<\/h3>\t\t\t\t<\/div>\n\t\t\t\t<div class=\"elementor-element elementor-element-e790969 elementor-widget elementor-widget-text-editor\" data-id=\"e790969\" data-element_type=\"widget\" data-e-type=\"widget\" data-widget_type=\"text-editor.default\">\n\t\t\t\t\t\t\t\t\t<p>However, an HPV infection does not mean that a cancerous disease will certainly develop. In many cases, the immune system can successfully fight the viruses, causing tissue changes to recede.<\/p><p>In other cases, however, the cell changes continue and-via numerous intermediate changes-lead to the formation of cancerous cells.<\/p><p>A possible HPV infection is determined by means of the PAP smear test in the course of the gynaecological examination. If the results are abnormal, the test is repeated-the further procedure (HPV typisation, colposcopy, vaginal ultrasound, biopsy, conisation etc.) depend on the PAP result (group 0, I, II, III, IIID, IIIG, IVa, IVb, V) and are thoroughly discussed as soon as the results are clear.<\/p>\t\t\t\t\t\t\t\t<\/div>\n\t\t\t\t\t<\/div>\n\t\t<\/div>\n\t\t\t\t<div class=\"elementor-column elementor-col-50 elementor-top-column elementor-element elementor-element-b54da7a\" data-id=\"b54da7a\" data-element_type=\"column\" data-e-type=\"column\">\n\t\t\t<div class=\"elementor-widget-wrap elementor-element-populated\">\n\t\t\t\t\t\t<div class=\"elementor-element elementor-element-f396078 elementor-widget elementor-widget-heading\" data-id=\"f396078\" data-element_type=\"widget\" data-e-type=\"widget\" data-widget_type=\"heading.default\">\n\t\t\t\t\t<h3 class=\"elementor-heading-title elementor-size-default\">HPV immunisation<\/h3>\t\t\t\t<\/div>\n\t\t\t\t<div class=\"elementor-element elementor-element-0499686 elementor-widget elementor-widget-text-editor\" data-id=\"0499686\" data-element_type=\"widget\" data-e-type=\"widget\" data-widget_type=\"text-editor.default\">\n\t\t\t\t\t\t\t\t\t<p>The HPV immunisation serves as a protection from HPV-related cancer forms and genital warts.<\/p><p>In Austria, a vaccination is approved which immunises against the HPV types 6, 11, 16, 18, 31, 33, 45, 52 and 58 (Gardasil 9).<\/p><p>Provided the vaccination is carried out before there is an infection, it offers reliable protection against the respective HPV-strains as well as cross-reactions for other strains.\nBasically, also vaccinated women should carry out a cancer smear test, so that possible precancerous stages can be detected early.<\/p>\t\t\t\t\t\t\t\t<\/div>\n\t\t\t\t<div class=\"elementor-element elementor-element-c05e047 elementor-widget elementor-widget-button\" data-id=\"c05e047\" data-element_type=\"widget\" data-e-type=\"widget\" data-widget_type=\"button.default\">\n\t\t\t\t\t\t\t\t\t\t<a class=\"elementor-button elementor-button-link elementor-size-xl elementor-animation-float\" href=\"https:\/\/www.drrainerlehner.at\/en\/termin-vereinbaren\/\">\n\t\t\t\t\t\t<span class=\"elementor-button-content-wrapper\">\n\t\t\t\t\t\t<span class=\"elementor-button-icon\">\n\t\t\t\t<svg aria-hidden=\"true\" class=\"e-font-icon-svg e-fas-long-arrow-alt-right\" viewbox=\"0 0 448 512\" xmlns=\"http:\/\/www.w3.org\/2000\/svg\"><path d=\"M313.941 216H12c-6.627 0-12 5.373-12 12v56c0 6.627 5.373 12 12 12h301.941v46.059c0 21.382 25.851 32.09 40.971 16.971l86.059-86.059c9.373-9.373 9.373-24.569 0-33.941l-86.059-86.059c-15.119-15.119-40.971-4.411-40.971 16.971V216z\"><\/path><\/svg>\t\t\t<\/span>\n\t\t\t\t\t\t\t\t\t<span class=\"elementor-button-text\">Make an appointment<\/span>\n\t\t\t\t\t<\/span>\n\t\t\t\t\t<\/a>\n\t\t\t\t\t\t\t\t<\/div>\n\t\t\t\t<div class=\"elementor-element elementor-element-2a022ca elementor-widget elementor-widget-text-editor\" data-id=\"2a022ca\" data-element_type=\"widget\" data-e-type=\"widget\" data-widget_type=\"text-editor.default\">\n\t\t\t\t\t\t\t\t\t<p>Further information on HP viruses and the HPV vaccination can also be found on the website of the <a href=\"https:\/\/www.sozialministerium.at\/Themen\/Gesundheit\/Uebertragbare-Krankheiten\/Infektionskrankheiten-A-Z\/Humane-Papillomaviren-(HPV).html\" target=\"_blank\" rel=\"noopener\">Sozialministeriums<\/a>.<a href=\"https:\/\/broschuerenservice.sozialministerium.at\/Home\/Download?publicationId=659&amp;attachmentName=HPV-Impfung_Das_beste_Alter_Folder.pdf\" target=\"_blank\" rel=\"noopener\"> A folder<\/a> is also available there for you to download and read.\u00a0<\/p><p>Information brochures on this topic are also available in my practice. Please ask me or my assistants for them.<\/p>\t\t\t\t\t\t\t\t<\/div>\n\t\t\t\t\t<\/div>\n\t\t<\/div>\n\t\t\t\t\t<\/div>\n\t\t<\/section>\n\t\t\t\t<\/div>","protected":false},"excerpt":{"rendered":"<p>Vorsorge HPV-IMPFUNG SCH\u00dcTZT Die HPV-Impfung sch\u00fctzt vor dem Entstehen einem Gro\u00dfteil der HPV-bedingten Krebsformen und Genitalwarzen. HPV-Impfungen sind bis zum 30. Lebensjahr weiterhin kostenlos, und zwar bis Ende 2025. Ab dem Jahr 2026 wird die kostenfreie Impfung nur noch bis zum 21. Lebensjahr angeboten. Detailinfos finden Sie auch beim Wiener Impfservice. WAS IST HPV? Humane [&hellip;]<\/p>\n","protected":false},"author":1,"featured_media":2703,"parent":0,"menu_order":0,"comment_status":"closed","ping_status":"closed","template":"elementor_header_footer","meta":{"_acf_changed":false,"footnotes":""},"class_list":["post-2204","page","type-page","status-publish","has-post-thumbnail","hentry"],"acf":[],"_links":{"self":[{"href":"https:\/\/www.drrainerlehner.at\/en\/wp-json\/wp\/v2\/pages\/2204","targetHints":{"allow":["GET"]}}],"collection":[{"href":"https:\/\/www.drrainerlehner.at\/en\/wp-json\/wp\/v2\/pages"}],"about":[{"href":"https:\/\/www.drrainerlehner.at\/en\/wp-json\/wp\/v2\/types\/page"}],"author":[{"embeddable":true,"href":"https:\/\/www.drrainerlehner.at\/en\/wp-json\/wp\/v2\/users\/1"}],"replies":[{"embeddable":true,"href":"https:\/\/www.drrainerlehner.at\/en\/wp-json\/wp\/v2\/comments?post=2204"}],"version-history":[{"count":40,"href":"https:\/\/www.drrainerlehner.at\/en\/wp-json\/wp\/v2\/pages\/2204\/revisions"}],"predecessor-version":[{"id":5485,"href":"https:\/\/www.drrainerlehner.at\/en\/wp-json\/wp\/v2\/pages\/2204\/revisions\/5485"}],"wp:featuredmedia":[{"embeddable":true,"href":"https:\/\/www.drrainerlehner.at\/en\/wp-json\/wp\/v2\/media\/2703"}],"wp:attachment":[{"href":"https:\/\/www.drrainerlehner.at\/en\/wp-json\/wp\/v2\/media?parent=2204"}],"curies":[{"name":"wp","href":"https:\/\/api.w.org\/{rel}","templated":true}]}}