{"id":2219,"date":"2022-10-18T17:16:57","date_gmt":"2022-10-18T15:16:57","guid":{"rendered":"https:\/\/www.drrainerlehner.at\/?page_id=2219"},"modified":"2023-03-21T12:41:21","modified_gmt":"2023-03-21T11:41:21","slug":"myom","status":"publish","type":"page","link":"https:\/\/www.drrainerlehner.at\/en\/myom\/","title":{"rendered":"Myoma"},"content":{"rendered":"<div data-elementor-type=\"wp-page\" data-elementor-id=\"2219\" class=\"elementor elementor-2219\" data-elementor-post-type=\"page\">\n\t\t\t\t\t\t<section class=\"elementor-section elementor-top-section elementor-element elementor-element-2c2a8d46 elementor-section-height-min-height elementor-section-full_width elementor-section-items-stretch elementor-section-content-middle elementor-reverse-tablet elementor-reverse-mobile elementor-section-height-default\" data-id=\"2c2a8d46\" data-element_type=\"section\" data-e-type=\"section\">\n\t\t\t\t\t\t<div class=\"elementor-container elementor-column-gap-extended\">\n\t\t\t\t\t<div class=\"elementor-column elementor-col-50 elementor-top-column elementor-element elementor-element-78825bbf elementor-invisible\" data-id=\"78825bbf\" data-element_type=\"column\" data-e-type=\"column\" data-settings=\"{&quot;animation&quot;:&quot;slideInDown&quot;}\">\n\t\t\t<div class=\"elementor-widget-wrap elementor-element-populated\">\n\t\t\t\t\t\t<div class=\"elementor-element elementor-element-62bb917 elementor-invisible elementor-widget elementor-widget-image\" data-id=\"62bb917\" data-element_type=\"widget\" data-e-type=\"widget\" data-settings=\"{&quot;_animation&quot;:&quot;fadeInDown&quot;,&quot;_animation_tablet&quot;:&quot;fadeInLeft&quot;}\" data-widget_type=\"image.default\">\n\t\t\t\t\t\t\t\t\t\t\t\t\t\t\t<img fetchpriority=\"high\" decoding=\"async\" width=\"1600\" height=\"1023\" src=\"https:\/\/www.drrainerlehner.at\/wp-content\/uploads\/2022\/12\/iStock-658448788-myom.jpg\" class=\"attachment-full size-full wp-image-2711\" alt=\"Frauengesundheit Myom\" srcset=\"https:\/\/www.drrainerlehner.at\/wp-content\/uploads\/2022\/12\/iStock-658448788-myom.jpg 1600w, https:\/\/www.drrainerlehner.at\/wp-content\/uploads\/2022\/12\/iStock-658448788-myom-300x192.jpg 300w, https:\/\/www.drrainerlehner.at\/wp-content\/uploads\/2022\/12\/iStock-658448788-myom-1024x655.jpg 1024w, https:\/\/www.drrainerlehner.at\/wp-content\/uploads\/2022\/12\/iStock-658448788-myom-768x491.jpg 768w, https:\/\/www.drrainerlehner.at\/wp-content\/uploads\/2022\/12\/iStock-658448788-myom-1536x982.jpg 1536w\" sizes=\"(max-width: 1600px) 100vw, 1600px\" \/>\t\t\t\t\t\t\t\t\t\t\t\t\t\t\t<\/div>\n\t\t\t\t\t<\/div>\n\t\t<\/div>\n\t\t\t\t<div class=\"elementor-column elementor-col-50 elementor-top-column elementor-element elementor-element-4e98ea5c\" data-id=\"4e98ea5c\" data-element_type=\"column\" data-e-type=\"column\">\n\t\t\t<div class=\"elementor-widget-wrap elementor-element-populated\">\n\t\t\t\t\t\t<div class=\"elementor-element elementor-element-5bfa262 elementor-widget elementor-widget-heading\" data-id=\"5bfa262\" data-element_type=\"widget\" data-e-type=\"widget\" data-widget_type=\"heading.default\">\n\t\t\t\t\t<h2 class=\"elementor-heading-title elementor-size-default\">Precare<\/h2>\t\t\t\t<\/div>\n\t\t\t\t<div class=\"elementor-element elementor-element-59b12f2 elementor-widget elementor-widget-heading\" data-id=\"59b12f2\" data-element_type=\"widget\" data-e-type=\"widget\" data-widget_type=\"heading.default\">\n\t\t\t\t\t<h1 class=\"elementor-heading-title elementor-size-default\"><span style=\"font-weight:300\">DIAGNOSIS<\/span> MYOMA<\/h1>\t\t\t\t<\/div>\n\t\t\t\t<div class=\"elementor-element elementor-element-472ad81 elementor-widget__width-initial elementor-widget-tablet__width-inherit elementor-invisible elementor-widget elementor-widget-text-editor\" data-id=\"472ad81\" data-element_type=\"widget\" data-e-type=\"widget\" data-settings=\"{&quot;_animation&quot;:&quot;fadeIn&quot;,&quot;_animation_delay&quot;:400}\" data-widget_type=\"text-editor.default\">\n\t\t\t\t\t\t\t\t\t<p>A myoma of the womb is a <strong>benign<\/strong> tumour, which consists of the smooth cells within the womb.\u00a0<\/p>\t\t\t\t\t\t\t\t<\/div>\n\t\t\t\t\t<\/div>\n\t\t<\/div>\n\t\t\t\t\t<\/div>\n\t\t<\/section>\n\t\t\t\t<section class=\"elementor-section elementor-top-section elementor-element elementor-element-44ff9ee elementor-section-boxed elementor-section-height-default elementor-section-height-default\" data-id=\"44ff9ee\" data-element_type=\"section\" data-e-type=\"section\" data-settings=\"{&quot;background_background&quot;:&quot;classic&quot;}\">\n\t\t\t\t\t\t<div class=\"elementor-container elementor-column-gap-wider\">\n\t\t\t\t\t<div class=\"elementor-column elementor-col-100 elementor-top-column elementor-element elementor-element-ac3f48c\" data-id=\"ac3f48c\" data-element_type=\"column\" data-e-type=\"column\">\n\t\t\t<div class=\"elementor-widget-wrap elementor-element-populated\">\n\t\t\t\t\t\t<div class=\"elementor-element elementor-element-2336e19 elementor-view-default elementor-invisible elementor-widget elementor-widget-icon\" data-id=\"2336e19\" data-element_type=\"widget\" data-e-type=\"widget\" data-settings=\"{&quot;_animation&quot;:&quot;fadeInDown&quot;}\" data-widget_type=\"icon.default\">\n\t\t\t\t\t\t\t<div class=\"elementor-icon-wrapper\">\n\t\t\t<div class=\"elementor-icon\">\n\t\t\t<svg aria-hidden=\"true\" class=\"e-font-icon-svg e-fas-chevron-down\" viewbox=\"0 0 448 512\" xmlns=\"http:\/\/www.w3.org\/2000\/svg\"><path d=\"M207.029 381.476L12.686 187.132c-9.373-9.373-9.373-24.569 0-33.941l22.667-22.667c9.357-9.357 24.522-9.375 33.901-.04L224 284.505l154.745-154.021c9.379-9.335 24.544-9.317 33.901.04l22.667 22.667c9.373 9.373 9.373 24.569 0 33.941L240.971 381.476c-9.373 9.372-24.569 9.372-33.942 0z\"><\/path><\/svg>\t\t\t<\/div>\n\t\t<\/div>\n\t\t\t\t\t\t<\/div>\n\t\t\t\t\t<\/div>\n\t\t<\/div>\n\t\t\t\t\t<\/div>\n\t\t<\/section>\n\t\t\t\t<section class=\"elementor-section elementor-top-section elementor-element elementor-element-ff74e3e elementor-section-boxed elementor-section-height-default elementor-section-height-default\" data-id=\"ff74e3e\" data-element_type=\"section\" data-e-type=\"section\" id=\"next\" data-settings=\"{&quot;background_background&quot;:&quot;classic&quot;}\">\n\t\t\t\t\t\t<div class=\"elementor-container elementor-column-gap-extended\">\n\t\t\t\t\t<div class=\"elementor-column elementor-col-50 elementor-top-column elementor-element elementor-element-f63058a\" data-id=\"f63058a\" data-element_type=\"column\" data-e-type=\"column\">\n\t\t\t<div class=\"elementor-widget-wrap elementor-element-populated\">\n\t\t\t\t\t\t<div class=\"elementor-element elementor-element-6156114 elementor-widget elementor-widget-text-editor\" data-id=\"6156114\" data-element_type=\"widget\" data-e-type=\"widget\" data-widget_type=\"text-editor.default\">\n\t\t\t\t\t\t\t\t\t<p>About 25 percent of all women of childbearing age have myoma.<\/p><p>A myoma of the womb is a benign tumour, which consists of the smooth cells within the womb.<\/p><p>The size of myoma range from only millimeters up to several centimeters; they can either occur singly or there can be several myoma at the same time.<\/p><p>A myoma can grow directly within the uterine wall, develop towards the uterine cavity or can spread from outside the womb into the abdominal cavity.<\/p><p>Whether myoma cause pain and other complaints, depends on their size, location and number.<\/p><p>Common complaints that are caused by myoma are irregular bleedings (increased and extended bleedings as well as intermenstrual bleedings), pain and feelings of pressure in the lower abdomen.<\/p>\t\t\t\t\t\t\t\t<\/div>\n\t\t\t\t\t<\/div>\n\t\t<\/div>\n\t\t\t\t<div class=\"elementor-column elementor-col-50 elementor-top-column elementor-element elementor-element-6dc6b5c\" data-id=\"6dc6b5c\" data-element_type=\"column\" data-e-type=\"column\">\n\t\t\t<div class=\"elementor-widget-wrap elementor-element-populated\">\n\t\t\t\t\t\t<div class=\"elementor-element elementor-element-c99805e elementor-widget elementor-widget-heading\" data-id=\"c99805e\" data-element_type=\"widget\" data-e-type=\"widget\" data-widget_type=\"heading.default\">\n\t\t\t\t\t<h3 class=\"elementor-heading-title elementor-size-default\">Diagnosis<\/h3>\t\t\t\t<\/div>\n\t\t\t\t<div class=\"elementor-element elementor-element-9492dfd elementor-widget elementor-widget-text-editor\" data-id=\"9492dfd\" data-element_type=\"widget\" data-e-type=\"widget\" data-widget_type=\"text-editor.default\">\n\t\t\t\t\t\t\t\t\t<p>In order to diagnose myoma, first of all a comprehensive anamnesis, a gynaecological digital examination and an ultrasound are carried out.<\/p><p>With the ultrasound, it is possible to exactly determine the size, the location and the number of myoma. In some cases, further examinations can become necessary.<\/p>\t\t\t\t\t\t\t\t<\/div>\n\t\t\t\t<div class=\"elementor-element elementor-element-6a8ae12 elementor-widget elementor-widget-heading\" data-id=\"6a8ae12\" data-element_type=\"widget\" data-e-type=\"widget\" data-widget_type=\"heading.default\">\n\t\t\t\t\t<h3 class=\"elementor-heading-title elementor-size-default\">Treatment<\/h3>\t\t\t\t<\/div>\n\t\t\t\t<div class=\"elementor-element elementor-element-e6bd381 elementor-widget elementor-widget-text-editor\" data-id=\"e6bd381\" data-element_type=\"widget\" data-e-type=\"widget\" data-widget_type=\"text-editor.default\">\n\t\t\t\t\t\t\t\t\t<p>Not every myoma must necessarily be treated. Many women with myoma have no symptoms and are not limited in their quality of life-in these cases no therapy is necessary.<\/p><p>If myoma cause complaints, there are basically different forms of treatment, such as medication as well as surgical removal.<\/p>\t\t\t\t\t\t\t\t<\/div>\n\t\t\t\t\t<\/div>\n\t\t<\/div>\n\t\t\t\t\t<\/div>\n\t\t<\/section>\n\t\t\t\t<\/div>","protected":false},"excerpt":{"rendered":"<p>Vorsorge DIAGNOSE MYOM Bei einem Myom der Geb\u00e4rmutter handelt es sich um einen gutartigen Tumor, der aus den glatten Zellen des Uterus entsteht.\u00a0 Etwa 25 Prozent aller Frauen im reproduktionsf\u00e4higen Alter haben Myome. Bei einem Myom der Geb\u00e4rmutter handelt es sich um einen gutartigen Tumor, der aus den glatten Zellen des Uterus entsteht. Die Gr\u00f6\u00dfe [&hellip;]<\/p>\n","protected":false},"author":1,"featured_media":2711,"parent":0,"menu_order":0,"comment_status":"closed","ping_status":"closed","template":"elementor_header_footer","meta":{"_acf_changed":false,"footnotes":""},"class_list":["post-2219","page","type-page","status-publish","has-post-thumbnail","hentry"],"acf":[],"_links":{"self":[{"href":"https:\/\/www.drrainerlehner.at\/en\/wp-json\/wp\/v2\/pages\/2219","targetHints":{"allow":["GET"]}}],"collection":[{"href":"https:\/\/www.drrainerlehner.at\/en\/wp-json\/wp\/v2\/pages"}],"about":[{"href":"https:\/\/www.drrainerlehner.at\/en\/wp-json\/wp\/v2\/types\/page"}],"author":[{"embeddable":true,"href":"https:\/\/www.drrainerlehner.at\/en\/wp-json\/wp\/v2\/users\/1"}],"replies":[{"embeddable":true,"href":"https:\/\/www.drrainerlehner.at\/en\/wp-json\/wp\/v2\/comments?post=2219"}],"version-history":[{"count":28,"href":"https:\/\/www.drrainerlehner.at\/en\/wp-json\/wp\/v2\/pages\/2219\/revisions"}],"predecessor-version":[{"id":4003,"href":"https:\/\/www.drrainerlehner.at\/en\/wp-json\/wp\/v2\/pages\/2219\/revisions\/4003"}],"wp:featuredmedia":[{"embeddable":true,"href":"https:\/\/www.drrainerlehner.at\/en\/wp-json\/wp\/v2\/media\/2711"}],"wp:attachment":[{"href":"https:\/\/www.drrainerlehner.at\/en\/wp-json\/wp\/v2\/media?parent=2219"}],"curies":[{"name":"wp","href":"https:\/\/api.w.org\/{rel}","templated":true}]}}